{"id":10,"date":"2015-08-20T14:23:20","date_gmt":"2015-08-20T13:23:20","guid":{"rendered":"http:\/\/enviedeprier.com\/wordpress\/?page_id=10"},"modified":"2019-01-13T20:28:05","modified_gmt":"2019-01-13T19:28:05","slug":"association","status":"publish","type":"page","link":"http:\/\/enviedeprier.com\/wordpress\/fr\/association\/","title":{"rendered":"Association"},"content":{"rendered":"<h2>Qui sommes-nous ?<\/h2>\n<p>L\u2019Association S\u00e9minaires (association, loi de\u00a01901), a \u00e9t\u00e9 fond\u00e9e le 25\u00a0janvier\u00a01996 par une \u00e9quipe de chr\u00e9tiens qui voulaient ranimer la flamme de la pri\u00e8re dans l\u2019\u00c9glise locale et prier pour les besoins spirituels de la France. Notre devise\u00a0: \u00ab Prier c&rsquo;est la chose la plus grande que nous puissions faire pour l\u2019homme et pour Dieu.\u00a0\u00bb<\/p>\n<p>Le si\u00e8ge social de l\u2019Association S\u00e9minaires se tient dans les locaux de l\u2019\u00c9glise protestante \u00e9vang\u00e9lique de Pierrelatte dans la Dr\u00f4me.<\/p>\n<h2>Que fait l\u2019Association S\u00e9minaires ?<\/h2>\n<p>L\u2019Association, en r\u00e9ponse \u00e0 des invitations d\u2019\u00c9glises, organise des rencontres, des conf\u00e9rences, des s\u00e9minaires sur le th\u00e8me de la pri\u00e8re selon l\u2019\u00c9criture sainte. \u00c0 ce jour neuf s\u00e9minaires diff\u00e9rents sont propos\u00e9s :<\/p>\n<ol>\n<li>Un retour \u00e0 l\u2019essentiel : Dieu &#8211;\u00a0La pri\u00e8re personnelle<\/li>\n<li>Au c\u0153ur de la pri\u00e8re &#8211;\u00a0La pri\u00e8re communautaire<\/li>\n<li>Disponible devant Dieu &#8211;\u00a0Le je\u00fbne et la pri\u00e8re<\/li>\n<li>La pri\u00e8re j\u2019y crois &#8211;\u00a0Comment animer la r\u00e9union de pri\u00e8re<\/li>\n<li>Comment prier pour la France<\/li>\n<li>Savoir cultiver le fruit de l&rsquo;Esprit<\/li>\n<li>Savoir soigner son c\u0153ur<\/li>\n<li>L&rsquo;encouragement<\/li>\n<li>Organiser et assister \u00e0 une soir\u00e9e de pri\u00e8re et d&rsquo;intercession<\/li>\n<\/ol>\n<p>Un s\u00e9minaire sur la pri\u00e8re est un moment agr\u00e9able dans la pr\u00e9sence de Dieu \u00e0 travers le chant, la discussion en petits groupes, l\u2019enseignement biblique sur la pri\u00e8re avec une mise en pratique imm\u00e9diate de l\u2019enseignement re\u00e7u.<br \/>\nDepuis 1984, plus de 20 000 personnes en France ont d\u00e9j\u00e0 assist\u00e9 \u00e0 un de ces s\u00e9minaires sur la pri\u00e8re.<\/p>\n<h2>Objectifs de l\u2019Association S\u00e9minaires<\/h2>\n<p><strong>Moyens :<\/strong><\/p>\n<ol>\n<li>S\u00e9minaires sur la pri\u00e8re<\/li>\n<li>Animations sur la pri\u00e8re pour les enfants (4-11 ans)<\/li>\n<li>Soir\u00e9e d&rsquo;intercession<\/li>\n<li><a href=\"http:\/\/enviedeprier.com\/wordpress\/fr\/cultiver-ma-vie-de-priere\/\">Lettres \u00ab\u00a0Cultiver ma vie de pri\u00e8re\u00a0\u00bb<\/a><\/li>\n<li><a href=\"http:\/\/enviedeprier.com\/wordpress\/fr\/orateur\/livres-et-support-pedagogiques\/\">Livres et supports p\u00e9dagogiques publi\u00e9s par les \u00e9ditions Biblos<\/a><\/li>\n<\/ol>\n<blockquote><p>Prier c\u2019est se mettre \u00e0 la disposition de Dieu pour le laisser faire en nous ce qu\u2019Il voudrait y faire depuis longtemps. \u00c0 travers la pri\u00e8re Dieu d\u00e9sire nous fa\u00e7onner, nous changer. Prier c\u2019est \u00eatre comme la toile devant le peintre et le marbre devant le sculpteur<\/p>\n<p>Dr Alexis Carrel<\/p><\/blockquote>\n<h2>Pr\u00e9cisions concernant notre approche\u00a0de la pri\u00e8re<\/h2>\n<ul>\n<li>Une vie de pri\u00e8re fond\u00e9e sur la Parole de Dieu. La Bible est notre \u00ab manuel de pri\u00e8re \u00bb. Nous nous engageons \u00e0 fa\u00e7onner, forger notre vie de pri\u00e8re pour qu\u2019elle soit conforme \u00e0 l\u2019\u00c9criture sainte. Nous d\u00e9sirons encourager les chr\u00e9tiens \u00e0 nourrir leur vie de pri\u00e8re de la Parole de Dieu et \u00e0 donner priorit\u00e9 \u00e0 des sujets de pri\u00e8re bibliques, permanents, immuables, qui seront en harmonie avec l\u2019\u00c9criture sainte, la pens\u00e9e du Christ et la volont\u00e9 de Dieu.<\/li>\n<li>Une vie de pri\u00e8re v\u00e9cue dans l\u2019\u00c9glise locale<\/li>\n<li>Une vie de pri\u00e8re avec une fen\u00eatre ouverte sur le monde<\/li>\n<\/ul>\n<p>Vous avez envie de cultiver votre vie de pri\u00e8re, assister \u00e0 un s\u00e9minaire, organiser un s\u00e9minaire dans votre \u00e9glise ou dans votre r\u00e9gion ?<\/p>\n<p>Alors prenez contact avec nous d\u00e8s maintenant \u00e0 l\u2019adresse ci-dessous :<\/p>\n<blockquote><p>Adresse \u00e9lectronique : seminaires.prieres@gmail.com<\/p><\/blockquote>\n<p>&nbsp;<\/p>\n","protected":false},"excerpt":{"rendered":"<p>Qui sommes-nous ? L\u2019Association S\u00e9minaires (association, loi de\u00a01901), a \u00e9t\u00e9 fond\u00e9e le 25\u00a0janvier\u00a01996 par une \u00e9quipe de chr\u00e9tiens qui voulaient ranimer la flamme de la pri\u00e8re dans l\u2019\u00c9glise locale et &#8230; <a title=\"Association\" class=\"read-more\" href=\"http:\/\/enviedeprier.com\/wordpress\/fr\/association\/\" aria-label=\"En savoir plus sur Association\">Lire la suite<\/a><\/p>\n","protected":false},"author":1,"featured_media":0,"parent":0,"menu_order":1,"comment_status":"closed","ping_status":"closed","template":"","meta":{"_exactmetrics_skip_tracking":false,"_exactmetrics_sitenote_active":false,"_exactmetrics_sitenote_note":"","_exactmetrics_sitenote_category":0,"generate_page_header":"","footnotes":""},"class_list":["post-10","page","type-page","status-publish"],"_links":{"self":[{"href":"http:\/\/enviedeprier.com\/wordpress\/wp-json\/wp\/v2\/pages\/10","targetHints":{"allow":["GET"]}}],"collection":[{"href":"http:\/\/enviedeprier.com\/wordpress\/wp-json\/wp\/v2\/pages"}],"about":[{"href":"http:\/\/enviedeprier.com\/wordpress\/wp-json\/wp\/v2\/types\/page"}],"author":[{"embeddable":true,"href":"http:\/\/enviedeprier.com\/wordpress\/wp-json\/wp\/v2\/users\/1"}],"replies":[{"embeddable":true,"href":"http:\/\/enviedeprier.com\/wordpress\/wp-json\/wp\/v2\/comments?post=10"}],"version-history":[{"count":9,"href":"http:\/\/enviedeprier.com\/wordpress\/wp-json\/wp\/v2\/pages\/10\/revisions"}],"predecessor-version":[{"id":806,"href":"http:\/\/enviedeprier.com\/wordpress\/wp-json\/wp\/v2\/pages\/10\/revisions\/806"}],"wp:attachment":[{"href":"http:\/\/enviedeprier.com\/wordpress\/wp-json\/wp\/v2\/media?parent=10"}],"curies":[{"name":"wp","href":"https:\/\/api.w.org\/{rel}","templated":true}]}}