{"id":1419,"date":"2023-06-26T09:22:26","date_gmt":"2023-06-26T07:22:26","guid":{"rendered":"http:\/\/enviedeprier.com\/wordpress\/?page_id=1419"},"modified":"2024-10-05T15:54:47","modified_gmt":"2024-10-05T13:54:47","slug":"don-a-lassociation","status":"publish","type":"page","link":"http:\/\/enviedeprier.com\/wordpress\/fr\/don-a-lassociation\/","title":{"rendered":"Don \u00e0 l&rsquo;association"},"content":{"rendered":"\n<p>L\u2019Association S\u00e9minaires a pour but principal de motiver chaque enfant de Dieu \u00e0 d\u00e9velopper sa vie de pri\u00e8re par des s\u00e9minaires, par la vente de livres et autres outils pouvant aider dans ce domaine.<\/p>\n\n\n\n<h3 class=\"wp-block-heading\"><strong>Pourquoi encourager l\u2019Association S\u00e9minaires par votre don&nbsp;?<\/strong><\/h3>\n\n\n\n<ul class=\"wp-block-list\">\n<li>Pour contribuer \u00e0 la formation des animateurs et des animatrices qui enseigneront les s\u00e9minaires sur la pri\u00e8re.<\/li>\n\n\n\n<li>Pour aider les \u00c9glises ayant peu de moyens financiers (principalement en Afrique francophone) afin que nos fr\u00e8res et s\u0153urs puissent avoir acc\u00e8s \u00e0 cette formation sur la pri\u00e8re (frais d\u2019exp\u00e9dition pour les livres, frais de voyage pour l\u2019animateur).<\/li>\n<\/ul>\n\n\n\n<h3 class=\"wp-block-heading\"><strong>Comment faire un don&nbsp;?<\/strong><\/h3>\n\n\n\n<p>Si vous avez \u00e0 c\u0153ur de soutenir ce minist\u00e8re pour encourager \u00e0 la pri\u00e8re, vous pouvez aider notre Association S\u00e9minaires par un virement, par ch\u00e8que \u00e0 l\u2019ordre de \u00ab&nbsp;Association S\u00e9minaires&nbsp;\u00bb (6 ter, avenue Teilhard de Chardin, 26700 Pierrelatte &#8211; France).<\/p>\n\n\n\n<div class=\"wp-block-buttons is-content-justification-center is-layout-flex wp-container-core-buttons-is-layout-16018d1d wp-block-buttons-is-layout-flex\">\n<div class=\"wp-block-button\"><a class=\"wp-block-button__link wp-element-button\" href=\"http:\/\/enviedeprier.com\/wordpress\/wp-content\/uploads\/2023\/06\/RIB_Association_Seminaires.jpg\">T\u00e9l\u00e9charger l&rsquo;iban<\/a><\/div>\n<\/div>\n\n\n\n<p>Vous pouvez \u00e9galement donner en ligne via ce formulaire s\u00e9curis\u00e9 par <a href=\"https:\/\/www.helloasso.com\/associations\/association-seminaires\">HelloAsso<\/a> :<\/p>\n\n\n\n<div class=\"wp-block-brad-border-box\">\t\t\t<iframe\n\t\t\t\tid=\"idIframe\"\n\t\t\t\tsrc=\"https:\/\/www.helloasso.com\/associations\/association-seminaires\/formulaires\/1\/widget\"\n\t\t\t\theight=750px\"\t\t\t\twidth=100%\"\t\t\t\tframeborder=\"0\"\n\t\t\t\tloading=\"lazy\"\n\t\t\t\tallowtransparency=\"true\"\n\t\t\t\tonload=\"resizeIframeMessage()\"><\/iframe>\n<\/div>\n\n\n\n<p><\/p>\n","protected":false},"excerpt":{"rendered":"<p>L\u2019Association S\u00e9minaires a pour but principal de motiver chaque enfant de Dieu \u00e0 d\u00e9velopper sa vie de pri\u00e8re par des s\u00e9minaires, par la vente de livres et autres outils pouvant &#8230; <a title=\"Don \u00e0 l&rsquo;association\" class=\"read-more\" href=\"http:\/\/enviedeprier.com\/wordpress\/fr\/don-a-lassociation\/\" aria-label=\"En savoir plus sur Don \u00e0 l&rsquo;association\">Lire la suite<\/a><\/p>\n","protected":false},"author":1,"featured_media":0,"parent":0,"menu_order":0,"comment_status":"closed","ping_status":"closed","template":"","meta":{"_exactmetrics_skip_tracking":false,"_exactmetrics_sitenote_active":false,"_exactmetrics_sitenote_note":"","_exactmetrics_sitenote_category":0,"generate_page_header":"","footnotes":""},"class_list":["post-1419","page","type-page","status-publish"],"_links":{"self":[{"href":"http:\/\/enviedeprier.com\/wordpress\/wp-json\/wp\/v2\/pages\/1419","targetHints":{"allow":["GET"]}}],"collection":[{"href":"http:\/\/enviedeprier.com\/wordpress\/wp-json\/wp\/v2\/pages"}],"about":[{"href":"http:\/\/enviedeprier.com\/wordpress\/wp-json\/wp\/v2\/types\/page"}],"author":[{"embeddable":true,"href":"http:\/\/enviedeprier.com\/wordpress\/wp-json\/wp\/v2\/users\/1"}],"replies":[{"embeddable":true,"href":"http:\/\/enviedeprier.com\/wordpress\/wp-json\/wp\/v2\/comments?post=1419"}],"version-history":[{"count":9,"href":"http:\/\/enviedeprier.com\/wordpress\/wp-json\/wp\/v2\/pages\/1419\/revisions"}],"predecessor-version":[{"id":1531,"href":"http:\/\/enviedeprier.com\/wordpress\/wp-json\/wp\/v2\/pages\/1419\/revisions\/1531"}],"wp:attachment":[{"href":"http:\/\/enviedeprier.com\/wordpress\/wp-json\/wp\/v2\/media?parent=1419"}],"curies":[{"name":"wp","href":"https:\/\/api.w.org\/{rel}","templated":true}]}}