{"id":153,"date":"2015-09-03T20:58:24","date_gmt":"2015-09-03T19:58:24","guid":{"rendered":"http:\/\/enviedeprier.com\/wordpress\/newsletter\/"},"modified":"2016-03-27T22:33:30","modified_gmt":"2016-03-27T21:33:30","slug":"newsletter","status":"publish","type":"page","link":"http:\/\/enviedeprier.com\/wordpress\/fr\/contact-2\/newsletter\/","title":{"rendered":"Newsletter"},"content":{"rendered":"<script data-jetpack-boost=\"ignore\">(function() {\n\twindow.mc4wp = window.mc4wp || {\n\t\tlisteners: [],\n\t\tforms: {\n\t\t\ton: function(evt, cb) {\n\t\t\t\twindow.mc4wp.listeners.push(\n\t\t\t\t\t{\n\t\t\t\t\t\tevent   : evt,\n\t\t\t\t\t\tcallback: cb\n\t\t\t\t\t}\n\t\t\t\t);\n\t\t\t}\n\t\t}\n\t}\n})();\n<\/script><!-- Mailchimp for WordPress v4.12.2 - https:\/\/wordpress.org\/plugins\/mailchimp-for-wp\/ --><form id=\"mc4wp-form-1\" class=\"mc4wp-form mc4wp-form-411\" method=\"post\" data-id=\"411\" data-name=\"Inscription \u00e0 la newsletter\" ><div class=\"mc4wp-form-fields\"><p>\r\n  Pour rester en contact avec nous et recevoir r\u00e9guli\u00e8rement de nos nouvelles, inscrivez-vous \u00e0 notre newsletter.\r\n<\/p>\r\n<p>\r\n\t<label>Adresse email : <\/label>\r\n\t<input type=\"email\" name=\"EMAIL\" placeholder=\"Adresse email\" required \/>\r\n<\/p>\r\n\r\n<p>\r\n    <label><input name=\"_mc4wp_agree_to_terms\" type=\"checkbox\" value=\"1\" required=\"\"> J'accepte que mon email soit collect\u00e9 afin de recevoir la newsletter \r\n    <\/label> <br\/>\r\n  <a href=\"http:\/\/enviedeprier.com\/wordpress\/fr\/contact-2\/politique-de-confidentialite\/\"\r\n        target=\"_blank\">Acc\u00e9der \u00e0 la politique de confidentialit\u00e9<\/a>\r\n<\/p>\r\n\r\n<p>\r\n\t<input type=\"submit\" value=\"Abonnez-vous\" \/>\r\n<\/p><\/div><label style=\"display: none !important;\">Laissez ce champ vide si vous \u00eates humain\u00a0: <input type=\"text\" name=\"_mc4wp_honeypot\" value=\"\" tabindex=\"-1\" autocomplete=\"off\" \/><\/label><input type=\"hidden\" name=\"_mc4wp_timestamp\" value=\"1777202145\" \/><input type=\"hidden\" name=\"_mc4wp_form_id\" value=\"411\" \/><input type=\"hidden\" name=\"_mc4wp_form_element_id\" value=\"mc4wp-form-1\" \/><div class=\"mc4wp-response\"><\/div><\/form><!-- \/ Mailchimp for WordPress Plugin -->\n","protected":false},"excerpt":{"rendered":"","protected":false},"author":1,"featured_media":0,"parent":151,"menu_order":0,"comment_status":"closed","ping_status":"closed","template":"","meta":{"_exactmetrics_skip_tracking":false,"_exactmetrics_sitenote_active":false,"_exactmetrics_sitenote_note":"","_exactmetrics_sitenote_category":0,"generate_page_header":"","footnotes":""},"class_list":["post-153","page","type-page","status-publish"],"_links":{"self":[{"href":"http:\/\/enviedeprier.com\/wordpress\/wp-json\/wp\/v2\/pages\/153","targetHints":{"allow":["GET"]}}],"collection":[{"href":"http:\/\/enviedeprier.com\/wordpress\/wp-json\/wp\/v2\/pages"}],"about":[{"href":"http:\/\/enviedeprier.com\/wordpress\/wp-json\/wp\/v2\/types\/page"}],"author":[{"embeddable":true,"href":"http:\/\/enviedeprier.com\/wordpress\/wp-json\/wp\/v2\/users\/1"}],"replies":[{"embeddable":true,"href":"http:\/\/enviedeprier.com\/wordpress\/wp-json\/wp\/v2\/comments?post=153"}],"version-history":[{"count":2,"href":"http:\/\/enviedeprier.com\/wordpress\/wp-json\/wp\/v2\/pages\/153\/revisions"}],"predecessor-version":[{"id":414,"href":"http:\/\/enviedeprier.com\/wordpress\/wp-json\/wp\/v2\/pages\/153\/revisions\/414"}],"up":[{"embeddable":true,"href":"http:\/\/enviedeprier.com\/wordpress\/wp-json\/wp\/v2\/pages\/151"}],"wp:attachment":[{"href":"http:\/\/enviedeprier.com\/wordpress\/wp-json\/wp\/v2\/media?parent=153"}],"curies":[{"name":"wp","href":"https:\/\/api.w.org\/{rel}","templated":true}]}}