{"id":175,"date":"2015-09-12T16:43:43","date_gmt":"2015-09-12T15:43:43","guid":{"rendered":"http:\/\/enviedeprier.com\/wordpress\/?page_id=175"},"modified":"2015-10-11T17:22:11","modified_gmt":"2015-10-11T16:22:11","slug":"evenement","status":"publish","type":"page","link":"http:\/\/enviedeprier.com\/wordpress\/fr\/evenement\/","title":{"rendered":"Dates et lieux des s\u00e9minaires"},"content":{"rendered":"<p>Vous souhaitez organiser une soir\u00e9e de pri\u00e8re \/ d\u2019intercession, vous pouvez utiliser le document joint pour l\u2019annoncer en ins\u00e9rant les donn\u00e9es de lieu et d\u2019horaire de la rencontre.<\/p>\n<p><a href=\"http:\/\/enviedeprier.com\/wordpress\/wp-content\/uploads\/2015\/09\/affiche-soir\u00e9e-de-pri\u00e8re.docx\" target=\"_blank\">T\u00e9l\u00e9charger l&rsquo;affiche<\/a><\/p>\n<p style=\"text-align: center;\"><a href=\"http:\/\/enviedeprier.com\/wordpress\/events\/\">Voir tous les \u00e9v\u00e9nements d\u00e9j\u00e0 organis\u00e9s<\/a><\/p>\n","protected":false},"excerpt":{"rendered":"<p>Vous souhaitez organiser une soir\u00e9e de pri\u00e8re \/ d\u2019intercession, vous pouvez utiliser le document joint pour l\u2019annoncer en ins\u00e9rant les donn\u00e9es de lieu et d\u2019horaire de la rencontre. T\u00e9l\u00e9charger l&rsquo;affiche &#8230; <a title=\"Dates et lieux des s\u00e9minaires\" class=\"read-more\" href=\"http:\/\/enviedeprier.com\/wordpress\/fr\/evenement\/\" aria-label=\"En savoir plus sur Dates et lieux des s\u00e9minaires\">Lire la suite<\/a><\/p>\n","protected":false},"author":1,"featured_media":0,"parent":0,"menu_order":6,"comment_status":"closed","ping_status":"closed","template":"","meta":{"_exactmetrics_skip_tracking":false,"_exactmetrics_sitenote_active":false,"_exactmetrics_sitenote_note":"","_exactmetrics_sitenote_category":0,"generate_page_header":"","footnotes":""},"class_list":["post-175","page","type-page","status-publish"],"_links":{"self":[{"href":"http:\/\/enviedeprier.com\/wordpress\/wp-json\/wp\/v2\/pages\/175","targetHints":{"allow":["GET"]}}],"collection":[{"href":"http:\/\/enviedeprier.com\/wordpress\/wp-json\/wp\/v2\/pages"}],"about":[{"href":"http:\/\/enviedeprier.com\/wordpress\/wp-json\/wp\/v2\/types\/page"}],"author":[{"embeddable":true,"href":"http:\/\/enviedeprier.com\/wordpress\/wp-json\/wp\/v2\/users\/1"}],"replies":[{"embeddable":true,"href":"http:\/\/enviedeprier.com\/wordpress\/wp-json\/wp\/v2\/comments?post=175"}],"version-history":[{"count":5,"href":"http:\/\/enviedeprier.com\/wordpress\/wp-json\/wp\/v2\/pages\/175\/revisions"}],"predecessor-version":[{"id":222,"href":"http:\/\/enviedeprier.com\/wordpress\/wp-json\/wp\/v2\/pages\/175\/revisions\/222"}],"wp:attachment":[{"href":"http:\/\/enviedeprier.com\/wordpress\/wp-json\/wp\/v2\/media?parent=175"}],"curies":[{"name":"wp","href":"https:\/\/api.w.org\/{rel}","templated":true}]}}