{"id":197,"date":"2015-10-11T16:39:21","date_gmt":"2015-10-11T15:39:21","guid":{"rendered":"http:\/\/enviedeprier.com\/wordpress\/?page_id=197"},"modified":"2015-10-11T16:40:40","modified_gmt":"2015-10-11T15:40:40","slug":"la-theorie-suivie-de-la-pratique-pendant-5-semaines","status":"publish","type":"page","link":"http:\/\/enviedeprier.com\/wordpress\/fr\/cultiver-ma-vie-de-priere\/la-theorie-suivie-de-la-pratique-pendant-5-semaines\/","title":{"rendered":"La th\u00e9orie suivie de la pratique pendant 5 semaines"},"content":{"rendered":"<p>Vous avez envie d\u2019aller plus loin, de changer vos habitudes pour cultiver votre vie de pri\u00e8re ? Ici nous vous proposons un petit programme personnel des choses \u00e0 faire chaque jour pour agr\u00e9menter et enrichir votre vie de pri\u00e8re. Vous pouvez le faire seul.<br \/>\nUne autre option est de le faire dans le contexte de votre \u00c9glise, c\u2019est-\u00e0-dire de proposer au pasteur ou au groupe des anciens de votre \u00c9glise une pr\u00e9dication sur le th\u00e8me de la pri\u00e8re. Puis, d\u2019encourager l\u2019auditoire \u00e0 mettre en pratique chaque jour de la semaine une application et cela pendant cinq semaines<br \/>\n<strong>Id\u00e9es de pr\u00e9dications pour cinq dimanches suite au s\u00e9minaire sur la pri\u00e8re \u00ab Un retour \u00e0 l\u2019essentiel : Dieu \u00bb<\/strong><br \/>\n1. <a href=\"http:\/\/enviedeprier.com\/wordpress\/wp-content\/uploads\/2015\/10\/tp_01.pdf\" target=\"_blank\">Motivation pour prier (Matthieu 6.6)<\/a><br \/>\n2. <a href=\"http:\/\/enviedeprier.com\/wordpress\/wp-content\/uploads\/2015\/10\/tp_02.pdf\" target=\"_blank\">Dieu r\u00e9pond \u00e0 la pri\u00e8re : une \u00c9glise qui prie, c\u2019est la plus grande puissance du monde (Actes 12)<\/a><br \/>\n3. <a href=\"http:\/\/enviedeprier.com\/wordpress\/wp-content\/uploads\/2015\/10\/tp_03.pdf\" target=\"_blank\">Avoir une vie de pri\u00e8re riche et profonde<\/a><br \/>\n4. <a href=\"http:\/\/enviedeprier.com\/wordpress\/wp-content\/uploads\/2015\/10\/tp_04.pdf\" target=\"_blank\">Une pri\u00e8re puissante fond\u00e9e sur la Parole de Dieu<\/a><br \/>\n5. <a href=\"http:\/\/enviedeprier.com\/wordpress\/wp-content\/uploads\/2015\/10\/tp_05.pdf\" target=\"_blank\">Le but final de la pri\u00e8re : la gloire de Dieu<\/a><\/p>\n","protected":false},"excerpt":{"rendered":"<p>Vous avez envie d\u2019aller plus loin, de changer vos habitudes pour cultiver votre vie de pri\u00e8re ? Ici nous vous proposons un petit programme personnel des choses \u00e0 faire chaque &#8230; <a title=\"La th\u00e9orie suivie de la pratique pendant 5 semaines\" class=\"read-more\" href=\"http:\/\/enviedeprier.com\/wordpress\/fr\/cultiver-ma-vie-de-priere\/la-theorie-suivie-de-la-pratique-pendant-5-semaines\/\" aria-label=\"En savoir plus sur La th\u00e9orie suivie de la pratique pendant 5 semaines\">Lire la suite<\/a><\/p>\n","protected":false},"author":1,"featured_media":0,"parent":59,"menu_order":2,"comment_status":"closed","ping_status":"closed","template":"","meta":{"_exactmetrics_skip_tracking":false,"_exactmetrics_sitenote_active":false,"_exactmetrics_sitenote_note":"","_exactmetrics_sitenote_category":0,"generate_page_header":"","footnotes":""},"class_list":["post-197","page","type-page","status-publish"],"_links":{"self":[{"href":"http:\/\/enviedeprier.com\/wordpress\/wp-json\/wp\/v2\/pages\/197","targetHints":{"allow":["GET"]}}],"collection":[{"href":"http:\/\/enviedeprier.com\/wordpress\/wp-json\/wp\/v2\/pages"}],"about":[{"href":"http:\/\/enviedeprier.com\/wordpress\/wp-json\/wp\/v2\/types\/page"}],"author":[{"embeddable":true,"href":"http:\/\/enviedeprier.com\/wordpress\/wp-json\/wp\/v2\/users\/1"}],"replies":[{"embeddable":true,"href":"http:\/\/enviedeprier.com\/wordpress\/wp-json\/wp\/v2\/comments?post=197"}],"version-history":[{"count":1,"href":"http:\/\/enviedeprier.com\/wordpress\/wp-json\/wp\/v2\/pages\/197\/revisions"}],"predecessor-version":[{"id":203,"href":"http:\/\/enviedeprier.com\/wordpress\/wp-json\/wp\/v2\/pages\/197\/revisions\/203"}],"up":[{"embeddable":true,"href":"http:\/\/enviedeprier.com\/wordpress\/wp-json\/wp\/v2\/pages\/59"}],"wp:attachment":[{"href":"http:\/\/enviedeprier.com\/wordpress\/wp-json\/wp\/v2\/media?parent=197"}],"curies":[{"name":"wp","href":"https:\/\/api.w.org\/{rel}","templated":true}]}}