{"id":212,"date":"2015-10-11T17:13:48","date_gmt":"2015-10-11T16:13:48","guid":{"rendered":"http:\/\/enviedeprier.com\/wordpress\/?page_id=212"},"modified":"2015-11-10T21:15:51","modified_gmt":"2015-11-10T20:15:51","slug":"notre-confession-de-foi","status":"publish","type":"page","link":"http:\/\/enviedeprier.com\/wordpress\/fr\/association\/notre-confession-de-foi\/","title":{"rendered":"Notre confession de foi"},"content":{"rendered":"<h2>Article\u00a01\u00a0: La Bible<\/h2>\n<p style=\"text-align: justify;\">Nous croyons \u00e0 la divine inspiration et \u00e0 l\u2019autorit\u00e9 souveraine des saintes \u00c9critures, constitu\u00e9es des soixante-six livres de l\u2019Ancien et du Nouveau Testament, qui sont la Parole de Dieu, exempte d\u2019erreur dans sa r\u00e9daction originale.<br \/>\n(2\u00a0Timoth\u00e9e\u00a03.16-17\u00a0; 2\u00a0Pierre\u00a01.21.)<\/p>\n<h2>Article\u00a02\u00a0: Dieu<\/h2>\n<p>Nous croyons en un seul Dieu\u00a0: P\u00e8re, Fils et Saint-Esprit, Cr\u00e9ateur de l\u2019univers et de tout ce qui s\u2019y trouve.<br \/>\n(Gen\u00e8se\u00a01.1\u00a0; Matthieu\u00a028.19\u00a0; Exode\u00a020.11.)<\/p>\n<h2>Article\u00a03\u00a0: J\u00e9sus-Christ<\/h2>\n<p>Nous croyons en J\u00e9sus-Christ, \u00e0 sa parfaite divinit\u00e9 et sa pr\u00e9existence \u00e9ternelle, \u00e0 sa naissance d\u2019une vierge, \u00e0 sa compl\u00e8te humanit\u00e9, \u00e0 sa mort expiatoire \u00e0 notre place, \u00e0 sa r\u00e9surrection et son ascension corporelles, \u00e0 son prochain retour personnel, visible et glorieux.<br \/>\n(Jean 1.1\u00a0; Colossiens\u00a01.15-19\u00a0; Colossiens\u00a02.9\u00a0; Matthieu\u00a01.18-25\u00a0; 1\u00a0Timoth\u00e9e\u00a02.5\u00a0; Romains\u00a05.8\u00a0; 1\u00a0Corinthiens\u00a015.1-7\u00a0; 1\u00a0Thessaloniciens\u00a04.13-18.)<\/p>\n<h2>Article\u00a04\u00a0: Le Saint-Esprit<\/h2>\n<p>Nous croyons en l\u2019Esprit-Saint, \u00e0 sa divinit\u00e9 et \u00e0 sa personnalit\u00e9, \u00e0 sa r\u00e9ception au moment de la conversion \u00e0 Dieu, \u00e0 son habitation en tous ceux qui croient en J\u00e9sus-Christ, \u00e0 son action dans l\u2019\u00c9glise.<br \/>\n(Jean\u00a016.13-15\u00a0; Romains 8.9\u00a0; 1\u00a0Corinthiens\u00a012.13.)<\/p>\n<h2>Article\u00a05\u00a0: L\u2019homme et le p\u00e9ch\u00e9<\/h2>\n<p>Nous croyons que l\u2019homme, cr\u00e9\u00e9 \u00e0 l\u2019image de Dieu, a chut\u00e9, et que toute l\u2019humanit\u00e9 demeure sous la domination de Satan, dans la r\u00e9volte, la corruption et la condamnation.<br \/>\n(Gen\u00e8se\u00a01.27\u00a0; Gen\u00e8se\u00a03\u00a0; Romains\u00a03.10-23\u00a0;1\u00a0Jean\u00a05.19.)<\/p>\n<h2>Article\u00a06\u00a0: Le salut<\/h2>\n<p>Nous croyons que la justification de l\u2019homme s&rsquo;op\u00e8re par la gr\u00e2ce de Dieu en J\u00e9sus-Christ et qu\u2019elle est re\u00e7ue uniquement par la foi. Nous croyons \u00e0 la n\u00e9cessit\u00e9 de la repentance et de la nouvelle naissance conduisant \u00e0 une vie de pi\u00e9t\u00e9, de sanctification, de t\u00e9moignage et de service \u00e0 la gloire de Dieu par l\u2019action du Saint-Esprit.<br \/>\n(\u00c9ph\u00e9siens\u00a02.8-9\u00a0; Jean\u00a03.1-19\u00a0; Romains\u00a03.24-28\u00a0; 1\u00a0Pierre\u00a01.2\u00a0; 2\u00a0Pierre\u00a01.3-8.)<\/p>\n<h2>Article\u00a07\u00a0: L\u2019\u00c9glise<\/h2>\n<p>Nous croyons que l\u2019\u00c9glise universelle est l\u2019ensemble des rachet\u00e9s de J\u00e9sus-Christ, de tous les pays et de tous les temps. Son unit\u00e9 v\u00e9ritable est dans son unique chef, J\u00e9sus-Christ, par l\u2019\u0153uvre du Saint-Esprit. Nous croyons que son expression visible est dans les \u00c9glises locales.<br \/>\n(Matthieu\u00a016.18\u00a0; \u00c9ph\u00e9siens\u00a01.22-23\u00a0; \u00c9ph\u00e9siens\u00a05.23\u00a0; Actes\u00a09.31\u00a0; Galates\u00a01.2.)<\/p>\n<h2>Article\u00a08\u00a0: L\u2019au-del\u00e0<\/h2>\n<p>Nous croyons \u00e0 la r\u00e9surrection de tous les hommes\u00a0: \u00e0 la f\u00e9licit\u00e9 \u00e9ternelle des rachet\u00e9s, et au ch\u00e2timent \u00e9ternel des p\u00e9cheurs imp\u00e9nitents.<br \/>\n(Jean\u00a05.29\u00a0; 1\u00a0Pierre\u00a01.3-5\u00a0; Matthieu\u00a025.31-46.)<\/p>\n","protected":false},"excerpt":{"rendered":"<p>Article\u00a01\u00a0: La Bible Nous croyons \u00e0 la divine inspiration et \u00e0 l\u2019autorit\u00e9 souveraine des saintes \u00c9critures, constitu\u00e9es des soixante-six livres de l\u2019Ancien et du Nouveau Testament, qui sont la Parole &#8230; <a title=\"Notre confession de foi\" class=\"read-more\" href=\"http:\/\/enviedeprier.com\/wordpress\/fr\/association\/notre-confession-de-foi\/\" aria-label=\"En savoir plus sur Notre confession de foi\">Lire la suite<\/a><\/p>\n","protected":false},"author":1,"featured_media":0,"parent":10,"menu_order":0,"comment_status":"closed","ping_status":"closed","template":"","meta":{"_exactmetrics_skip_tracking":false,"_exactmetrics_sitenote_active":false,"_exactmetrics_sitenote_note":"","_exactmetrics_sitenote_category":0,"generate_page_header":"","footnotes":""},"class_list":["post-212","page","type-page","status-publish"],"_links":{"self":[{"href":"http:\/\/enviedeprier.com\/wordpress\/wp-json\/wp\/v2\/pages\/212","targetHints":{"allow":["GET"]}}],"collection":[{"href":"http:\/\/enviedeprier.com\/wordpress\/wp-json\/wp\/v2\/pages"}],"about":[{"href":"http:\/\/enviedeprier.com\/wordpress\/wp-json\/wp\/v2\/types\/page"}],"author":[{"embeddable":true,"href":"http:\/\/enviedeprier.com\/wordpress\/wp-json\/wp\/v2\/users\/1"}],"replies":[{"embeddable":true,"href":"http:\/\/enviedeprier.com\/wordpress\/wp-json\/wp\/v2\/comments?post=212"}],"version-history":[{"count":2,"href":"http:\/\/enviedeprier.com\/wordpress\/wp-json\/wp\/v2\/pages\/212\/revisions"}],"predecessor-version":[{"id":275,"href":"http:\/\/enviedeprier.com\/wordpress\/wp-json\/wp\/v2\/pages\/212\/revisions\/275"}],"up":[{"embeddable":true,"href":"http:\/\/enviedeprier.com\/wordpress\/wp-json\/wp\/v2\/pages\/10"}],"wp:attachment":[{"href":"http:\/\/enviedeprier.com\/wordpress\/wp-json\/wp\/v2\/media?parent=212"}],"curies":[{"name":"wp","href":"https:\/\/api.w.org\/{rel}","templated":true}]}}