{"id":219,"date":"2015-10-11T17:22:06","date_gmt":"2015-10-11T16:22:06","guid":{"rendered":"http:\/\/enviedeprier.com\/wordpress\/?page_id=219"},"modified":"2015-10-11T17:24:42","modified_gmt":"2015-10-11T16:24:42","slug":"evaluation-pour-votre-eglise","status":"publish","type":"page","link":"http:\/\/enviedeprier.com\/wordpress\/fr\/cultiver-ma-vie-de-priere\/evaluation-pour-votre-eglise\/","title":{"rendered":"\u00c9valuation pour votre \u00e9glise"},"content":{"rendered":"<p>En tant que famille d\u2019\u00c9glise, nous voulons vous encourager \u00e0 r\u00e9fl\u00e9chir, discuter et voir comment ensemble nous pouvons \u00ab\u00a0booster\u00bb la vie de pri\u00e8re dans l\u2019\u00c9glise. Merci de remplir ce questionnaire puis de nous le renvoyer afin de nous aider dans notre r\u00e9flexion \u00e0 ce sujet. Les r\u00e9sultats permettront de voir comment nous pouvons nous encourager mutuellement, partager des id\u00e9es, des moyens, et aussi comment encourager la pri\u00e8re communautaire. <strong>Ce sondage va vous prendre 4 minutes maximum.<\/strong> Vos r\u00e9ponses vont nous aider \u00e0 mener une r\u00e9flexion pour motiver et enrichir la vie de pri\u00e8re dans l\u2019Eglise en France Merci de nous donner votre avis sur les points suivants et de renvoyer le questionnaire \u00e0 l\u2019adresse\u00a0: <a href=\"mailto:newberry.yan@hotmail.com\">newberry.yan@hotmail.com<\/a> avant fin d\u00e9cembre 2015.<\/p>\n<p><a href=\"http:\/\/enviedeprier.com\/wordpress\/wp-content\/uploads\/2015\/09\/Questionnaire-Booster-la-priere-dans-lEglise.docx\" target=\"_blank\">T\u00e9l\u00e9charger le questionnaire<\/a><\/p>\n","protected":false},"excerpt":{"rendered":"<p>En tant que famille d\u2019\u00c9glise, nous voulons vous encourager \u00e0 r\u00e9fl\u00e9chir, discuter et voir comment ensemble nous pouvons \u00ab\u00a0booster\u00bb la vie de pri\u00e8re dans l\u2019\u00c9glise. Merci de remplir ce questionnaire &#8230; <a title=\"\u00c9valuation pour votre \u00e9glise\" class=\"read-more\" href=\"http:\/\/enviedeprier.com\/wordpress\/fr\/cultiver-ma-vie-de-priere\/evaluation-pour-votre-eglise\/\" aria-label=\"En savoir plus sur \u00c9valuation pour votre \u00e9glise\">Lire la suite<\/a><\/p>\n","protected":false},"author":1,"featured_media":0,"parent":59,"menu_order":0,"comment_status":"closed","ping_status":"closed","template":"","meta":{"_exactmetrics_skip_tracking":false,"_exactmetrics_sitenote_active":false,"_exactmetrics_sitenote_note":"","_exactmetrics_sitenote_category":0,"generate_page_header":"","footnotes":""},"class_list":["post-219","page","type-page","status-publish"],"_links":{"self":[{"href":"http:\/\/enviedeprier.com\/wordpress\/wp-json\/wp\/v2\/pages\/219","targetHints":{"allow":["GET"]}}],"collection":[{"href":"http:\/\/enviedeprier.com\/wordpress\/wp-json\/wp\/v2\/pages"}],"about":[{"href":"http:\/\/enviedeprier.com\/wordpress\/wp-json\/wp\/v2\/types\/page"}],"author":[{"embeddable":true,"href":"http:\/\/enviedeprier.com\/wordpress\/wp-json\/wp\/v2\/users\/1"}],"replies":[{"embeddable":true,"href":"http:\/\/enviedeprier.com\/wordpress\/wp-json\/wp\/v2\/comments?post=219"}],"version-history":[{"count":1,"href":"http:\/\/enviedeprier.com\/wordpress\/wp-json\/wp\/v2\/pages\/219\/revisions"}],"predecessor-version":[{"id":221,"href":"http:\/\/enviedeprier.com\/wordpress\/wp-json\/wp\/v2\/pages\/219\/revisions\/221"}],"up":[{"embeddable":true,"href":"http:\/\/enviedeprier.com\/wordpress\/wp-json\/wp\/v2\/pages\/59"}],"wp:attachment":[{"href":"http:\/\/enviedeprier.com\/wordpress\/wp-json\/wp\/v2\/media?parent=219"}],"curies":[{"name":"wp","href":"https:\/\/api.w.org\/{rel}","templated":true}]}}