{"id":22,"date":"2015-08-20T15:20:59","date_gmt":"2015-08-20T14:20:59","guid":{"rendered":"http:\/\/enviedeprier.com\/wordpress\/?page_id=22"},"modified":"2015-10-11T16:12:48","modified_gmt":"2015-10-11T15:12:48","slug":"contenu-des-seminaires-sur-la-priere","status":"publish","type":"page","link":"http:\/\/enviedeprier.com\/wordpress\/fr\/seminaires\/contenu-des-seminaires-sur-la-priere\/","title":{"rendered":"Contenu des s\u00e9minaires"},"content":{"rendered":"<h2>S\u00e9minaire n\u00b01 \u2013 Un retour \u00e0 l\u2019essentiel : Dieu<\/h2>\n<p><em>Motivation pour la pri\u00e8re personnelle<\/em><\/p>\n<p>Une motivation profonde pour une vie de pri\u00e8re fructueuse. Les r\u00e9ponses \u00e0 la pri\u00e8re dans l\u2019Ancien et le Nouveau Testaments<br \/>\nLes r\u00e9ponses \u00e0 la pri\u00e8re \u00e0 travers l\u2019histoire de l\u2019\u00c9glise : saint Augustin, John Knox, Martin Luther, Jean Calvin, John Wesley, Zinzendorf, George M\u00fcller, Hudson Taylor&#8230; etc.<br \/>\nCinq principes fondamentaux pour ma vie de pri\u00e8re.<br \/>\nComment passer une heure avec Dieu<br \/>\nComment \u00f4ter les obstacles dans ma vie de pri\u00e8re.<\/p>\n<h2>S\u00e9minaire n\u00b02 \u2013 Au c\u0153ur de la pri\u00e8re<\/h2>\n<p><em>La pri\u00e8re communautaire bas\u00e9e sur le livre de N\u00e9h\u00e9mie<\/em><\/p>\n<p>Disposition pour une pri\u00e8re profonde<br \/>\nLa structure et le contenu de mes pri\u00e8res<br \/>\nLa force de la pri\u00e8re face \u00e0 l\u2019opposition<br \/>\nPrincipes et sources du r\u00e9veil<br \/>\nLe combat spirituel<br \/>\nSavoir se nourrir de la Parole de Dieu.<\/p>\n<h2>S\u00e9minaire n\u00b03 \u2013 Disponible devant Dieu<\/h2>\n<p><em>Le je\u00fbne et la pri\u00e8re<\/em><\/p>\n<p>Les personnes dans l\u2019Ancien et le Nouveau Testaments qui ont pratiqu\u00e9 le je\u00fbne<br \/>\nLe je\u00fbne communautaire<br \/>\nLe vrai et le faux je\u00fbne<br \/>\nDans quelles circonstances pratiquer le je\u00fbne ?<br \/>\nJ\u00e9sus et le je\u00fbne<br \/>\nLe je\u00fbne \u00e0 travers l\u2019histoire<br \/>\nQue disent les m\u00e9decins ? Dangers et bienfaits&#8230;<br \/>\nConseils pratiques&#8230; Quand, comment, pourquoi pratiquer le je\u00fbne<\/p>\n<h2>S\u00e9minaire n\u00b04 \u2013 La pri\u00e8re, j\u2019y crois !<\/h2>\n<p><em>Animation et contenu de la r\u00e9union de pri\u00e8re.<\/em><\/p>\n<p>Comment pr\u00e9parer la r\u00e9union de pri\u00e8re<br \/>\nCaract\u00e9ristiques d\u2019une bonne r\u00e9union de pri\u00e8re<br \/>\nComment motiver les chr\u00e9tiens \u00e0 assister et participer \u00e0 la r\u00e9union de pri\u00e8re.<br \/>\n30 id\u00e9es pratiques pour rendre vivante la r\u00e9union de pri\u00e8re<br \/>\nComment cultiver notre compassion pour les \u00e2mes<br \/>\n22 th\u00e8mes d\u2019intercession : la famille, les enfants, la ville, les autorit\u00e9s&#8230;<br \/>\nComment prier sur les attributs de Dieu<br \/>\nProposition de calendrier \u00e9quilibr\u00e9 pour votre vie de pri\u00e8re d\u2019\u00e9glise<\/p>\n<h2>S\u00e9minaire n\u00b05 \u2013 Prions pour la France<\/h2>\n<p><em>Ce s\u00e9minaire est consacr\u00e9 \u00e0 l\u2019intercession<\/em><\/p>\n<p>Qu\u2019est-ce que l\u2019intercession ?<br \/>\nQui doit interc\u00e9der ?<br \/>\nImpact de l\u2019intercession<br \/>\nComment prier pour : une r\u00e9gion de France, vos amis non-chr\u00e9tiens, les prisonniers, le monde \u00e9tudiant, les intellectuels, le monde de la sant\u00e9, les \u00e9vang\u00e9listes, les soci\u00e9t\u00e9s missionnaires, les nouvelles \u00c9glises, les nouvelles vocations, la famille, les m\u00e9dias, les \u00e9trangers, etc.<\/p>\n<h2>S\u00e9minaire n\u00b06 &#8211; Savoir cultiver le fruit de l&rsquo;Esprit<\/h2>\n<p>Dans la Bible\u00a0 il y a neuf caract\u00e9ristiques dans le fruit de l\u2019Esprit\u00a0: trois qui concernent notre relation avec Dieu, trois qui concernent notre relation avec les autres et trois qui concernent notre relation avec nous-m\u00eame.<\/p>\n<h2>S\u00e9minaire n\u00b07 &#8211; Savoir soigner son coeur<\/h2>\n<p>\u00ab\u00a0Soigne ton c\u0153ur plus que toutes autres choses\u00a0\u00bb. Voir ce th\u00e8me \u00e0 travers toute la Bible.<\/p>\n<h2>S\u00e9minaire n\u00b08 &#8211; L&rsquo;encouragement<\/h2>\n<p>Comment s\u2019encourager\u00a0? Quelles sont les sources d\u2019encouragement\u00a0? Comment combattre le d\u00e9couragement\u00a0?<\/p>\n<h2>S\u00e9minaire n\u00b09 &#8211; Organiser et assister \u00e0 une soir\u00e9e de pri\u00e8re et d&rsquo;intercession<\/h2>\n<p>Prions pour la famille, l\u2019Eglise, la ville, le pays, le monde.<\/p>\n","protected":false},"excerpt":{"rendered":"<p>S\u00e9minaire n\u00b01 \u2013 Un retour \u00e0 l\u2019essentiel : Dieu Motivation pour la pri\u00e8re personnelle Une motivation profonde pour une vie de pri\u00e8re fructueuse. Les r\u00e9ponses \u00e0 la pri\u00e8re dans l\u2019Ancien &#8230; <a title=\"Contenu des s\u00e9minaires\" class=\"read-more\" href=\"http:\/\/enviedeprier.com\/wordpress\/fr\/seminaires\/contenu-des-seminaires-sur-la-priere\/\" aria-label=\"En savoir plus sur Contenu des s\u00e9minaires\">Lire la suite<\/a><\/p>\n","protected":false},"author":1,"featured_media":0,"parent":18,"menu_order":0,"comment_status":"closed","ping_status":"closed","template":"","meta":{"_exactmetrics_skip_tracking":false,"_exactmetrics_sitenote_active":false,"_exactmetrics_sitenote_note":"","_exactmetrics_sitenote_category":0,"generate_page_header":"","footnotes":""},"class_list":["post-22","page","type-page","status-publish"],"_links":{"self":[{"href":"http:\/\/enviedeprier.com\/wordpress\/wp-json\/wp\/v2\/pages\/22","targetHints":{"allow":["GET"]}}],"collection":[{"href":"http:\/\/enviedeprier.com\/wordpress\/wp-json\/wp\/v2\/pages"}],"about":[{"href":"http:\/\/enviedeprier.com\/wordpress\/wp-json\/wp\/v2\/types\/page"}],"author":[{"embeddable":true,"href":"http:\/\/enviedeprier.com\/wordpress\/wp-json\/wp\/v2\/users\/1"}],"replies":[{"embeddable":true,"href":"http:\/\/enviedeprier.com\/wordpress\/wp-json\/wp\/v2\/comments?post=22"}],"version-history":[{"count":3,"href":"http:\/\/enviedeprier.com\/wordpress\/wp-json\/wp\/v2\/pages\/22\/revisions"}],"predecessor-version":[{"id":185,"href":"http:\/\/enviedeprier.com\/wordpress\/wp-json\/wp\/v2\/pages\/22\/revisions\/185"}],"up":[{"embeddable":true,"href":"http:\/\/enviedeprier.com\/wordpress\/wp-json\/wp\/v2\/pages\/18"}],"wp:attachment":[{"href":"http:\/\/enviedeprier.com\/wordpress\/wp-json\/wp\/v2\/media?parent=22"}],"curies":[{"name":"wp","href":"https:\/\/api.w.org\/{rel}","templated":true}]}}