{"id":28,"date":"2015-08-20T15:42:51","date_gmt":"2015-08-20T14:42:51","guid":{"rendered":"http:\/\/enviedeprier.com\/wordpress\/?page_id=28"},"modified":"2015-08-20T15:55:21","modified_gmt":"2015-08-20T14:55:21","slug":"temoignages-des-participants-aux-seminaires","status":"publish","type":"page","link":"http:\/\/enviedeprier.com\/wordpress\/fr\/seminaires\/temoignages-des-participants-aux-seminaires\/","title":{"rendered":"T\u00e9moignages des participants aux s\u00e9minaires"},"content":{"rendered":"<h2>Pasteur Dixon<\/h2>\n<p>\u00ab\u00a0Ce s\u00e9minaire sur la pri\u00e8re m\u2019a impressionn\u00e9 par son \u00e9tendue et par sa profondeur spirituelle. C\u2019\u00e9tait un v\u00e9ritable d\u00e9fi qui m\u2019\u00e9tait lanc\u00e9 pour am\u00e9liorer ma vie de pri\u00e8re en temps et en efficacit\u00e9.\u00a0\u00bb<\/p>\n<h2>Roger<\/h2>\n<p>\u00ab\u00a0Grande richesse dans les recherches des textes bibliques.\u00a0\u00bb<\/p>\n<h2>Catherine<\/h2>\n<p>\u00ab\u00a0J\u2019ai \u00e9norm\u00e9ment appr\u00e9ci\u00e9 l\u2019\u00e9quilibre entre la th\u00e9ologie de la pri\u00e8re et la pratique de la pri\u00e8re.\u00a0\u00bb<\/p>\n<h2>Jacques<\/h2>\n<p>\u00ab\u00a0Le s\u00e9minaire m\u2019a donn\u00e9 une autre vision de la pri\u00e8re que je ne connaissais pas. Je suis venue au s\u00e9minaire pour \u00eatre renouvel\u00e9 dans ma vie de pri\u00e8re. J\u2019y ai trouv\u00e9 un encouragement puissant. Dieu a ranim\u00e9 cette flamme de la pri\u00e8re dans mon c\u0153ur.\u00a0\u00bb<\/p>\n<h2>H\u00e9l\u00e8ne<\/h2>\n<p>\u00ab\u00a0Voil\u00e0 ce que j\u2019ai retenu de ce s\u00e9minaire\u00a0: c\u2019est clair, c\u2019est pratique, c\u2019est biblique, c\u2019est vivant, g\u00e9nial, tonique.\u00a0\u00bb<\/p>\n<h2>Alexandre<\/h2>\n<p>\u00ab\u00a0J\u2019ai compris que je n\u2019avais pas une vraie vie de pri\u00e8re. Je m\u2019engage devant Dieu, \u00e0 partir de ce jour, \u00e0 me reprendre et faire de la pri\u00e8re une priorit\u00e9.\u00a0\u00bb<\/p>\n<h2>Bernadette<\/h2>\n<p>\u00ab\u00a0J\u2019ai compris que la vraie pri\u00e8re, c\u2019est une vraie d\u00e9pendance, un abandon \u00e0 Dieu. C\u2019est aussi la mort totale \u00e0 moi-m\u00eame, le monde et le diable.\u00a0\u00bb<\/p>\n<h2>Patricia<\/h2>\n<p>\u00ab\u00a0Animation dynamique tout au long du s\u00e9minaire, chants, discussions en groupe, la pratique de la pri\u00e8re, temps de questions, la profondeur et l\u2019enrichissement des textes bibliques. Le s\u00e9minaire m\u2019a apport\u00e9 un plus indiscutable\u00a0!\u00a0\u00bb<\/p>\n<h2>Sylvie<\/h2>\n<p>\u00ab Je suis all\u00e9e au s\u00e9minaire sur la pri\u00e8re organis\u00e9 par Yan Newberry sans beaucoup d\u2019attentes, me demandant ce que l\u2019on pourrait enseigner de \u00ab\u00a0nouveau\u00a0\u00bb sur le sujet. J\u2019avais un emploi du temps tr\u00e8s charg\u00e9 et si ce n\u2019est que j\u2019aurais eu mauvaise conscience de ne pas y participer, j\u2019aurais bien \u00ab\u00a0zapp\u00e9\u00a0\u00bb cet \u00e9v\u00e9nement qui pouvait para\u00eetre r\u00e9barbatif.<br \/>\nC\u2019\u00e9tait sans conna\u00eetre Yan et son dynamisme\u00a0! Magistralement il nous a d\u00e9montr\u00e9 combien notre vie de pri\u00e8re peut devenir cr\u00e9ative, efficace, et passer d\u2019un exercice parfois fastidieux \u00e0 un temps riche, vivant, enthousiasmant\u00a0! Tout cela expliqu\u00e9 avec conviction, bien fond\u00e9 sur la Parole de Dieu, \u00e0 l\u2019aide d\u2019outils et sch\u00e9mas tr\u00e8s pratiques, joyeusement ponctu\u00e9 de musique et de chants. Un vrai festin\u00a0! De quoi vous donner envie de continuer, d\u2019aller plus loin&#8230; Dommage qu\u2019il ait fallu s\u2019arr\u00eater, faute de temps. J\u2019aurais aim\u00e9 que ce s\u00e9minaire dure beaucoup plus longtemps. \u00c0 quand la suite\u00a0?\u00a0\u00bb<\/p>\n","protected":false},"excerpt":{"rendered":"<p>Pasteur Dixon \u00ab\u00a0Ce s\u00e9minaire sur la pri\u00e8re m\u2019a impressionn\u00e9 par son \u00e9tendue et par sa profondeur spirituelle. C\u2019\u00e9tait un v\u00e9ritable d\u00e9fi qui m\u2019\u00e9tait lanc\u00e9 pour am\u00e9liorer ma vie de pri\u00e8re &#8230; <a title=\"T\u00e9moignages des participants aux s\u00e9minaires\" class=\"read-more\" href=\"http:\/\/enviedeprier.com\/wordpress\/fr\/seminaires\/temoignages-des-participants-aux-seminaires\/\" aria-label=\"En savoir plus sur T\u00e9moignages des participants aux s\u00e9minaires\">Lire la suite<\/a><\/p>\n","protected":false},"author":1,"featured_media":0,"parent":18,"menu_order":0,"comment_status":"closed","ping_status":"closed","template":"","meta":{"_exactmetrics_skip_tracking":false,"_exactmetrics_sitenote_active":false,"_exactmetrics_sitenote_note":"","_exactmetrics_sitenote_category":0,"generate_page_header":"","footnotes":""},"class_list":["post-28","page","type-page","status-publish"],"_links":{"self":[{"href":"http:\/\/enviedeprier.com\/wordpress\/wp-json\/wp\/v2\/pages\/28","targetHints":{"allow":["GET"]}}],"collection":[{"href":"http:\/\/enviedeprier.com\/wordpress\/wp-json\/wp\/v2\/pages"}],"about":[{"href":"http:\/\/enviedeprier.com\/wordpress\/wp-json\/wp\/v2\/types\/page"}],"author":[{"embeddable":true,"href":"http:\/\/enviedeprier.com\/wordpress\/wp-json\/wp\/v2\/users\/1"}],"replies":[{"embeddable":true,"href":"http:\/\/enviedeprier.com\/wordpress\/wp-json\/wp\/v2\/comments?post=28"}],"version-history":[{"count":3,"href":"http:\/\/enviedeprier.com\/wordpress\/wp-json\/wp\/v2\/pages\/28\/revisions"}],"predecessor-version":[{"id":32,"href":"http:\/\/enviedeprier.com\/wordpress\/wp-json\/wp\/v2\/pages\/28\/revisions\/32"}],"up":[{"embeddable":true,"href":"http:\/\/enviedeprier.com\/wordpress\/wp-json\/wp\/v2\/pages\/18"}],"wp:attachment":[{"href":"http:\/\/enviedeprier.com\/wordpress\/wp-json\/wp\/v2\/media?parent=28"}],"curies":[{"name":"wp","href":"https:\/\/api.w.org\/{rel}","templated":true}]}}