{"id":54,"date":"2015-08-27T20:40:30","date_gmt":"2015-08-27T19:40:30","guid":{"rendered":"http:\/\/enviedeprier.com\/wordpress\/?page_id=54"},"modified":"2018-09-15T14:03:17","modified_gmt":"2018-09-15T13:03:17","slug":"orateur","status":"publish","type":"page","link":"http:\/\/enviedeprier.com\/wordpress\/fr\/orateur\/","title":{"rendered":"Orateur"},"content":{"rendered":"<p><img loading=\"lazy\" decoding=\"async\" class=\"aligncenter size-large wp-image-738\" src=\"http:\/\/enviedeprier.com\/wordpress\/wp-content\/uploads\/2018\/08\/Newberry-1024x678.jpg\" alt=\"\" width=\"1024\" height=\"678\" srcset=\"http:\/\/enviedeprier.com\/wordpress\/wp-content\/uploads\/2018\/08\/Newberry-1024x678.jpg 1024w, http:\/\/enviedeprier.com\/wordpress\/wp-content\/uploads\/2018\/08\/Newberry-300x199.jpg 300w, http:\/\/enviedeprier.com\/wordpress\/wp-content\/uploads\/2018\/08\/Newberry-768x509.jpg 768w, http:\/\/enviedeprier.com\/wordpress\/wp-content\/uploads\/2018\/08\/Newberry.jpg 1048w\" sizes=\"auto, (max-width: 1024px) 100vw, 1024px\" \/><\/p>\n<h2>Pr\u00e9sentation de Yan et Fran\u00e7oise Newberry<\/h2>\n<p>Yan est mari\u00e9 avec Fran\u00e7oise, ils ont deux enfants.<br \/>\nIls ont fait leurs \u00e9tudes de th\u00e9ologie \u00e0 l\u2019Institut Biblique Emma\u00fcs \u00e0 Saint-L\u00e9gier en Suisse.<\/p>\n<p>Yan Newberry est \u00c9cossais, il est venu en France pour une semaine\u2026 et y est rest\u00e9 42 ans !<br \/>\nPendant ces ann\u00e9es il a contribu\u00e9 \u00e0 implanter cinq \u00c9glises en France. Il \u00e9tait fondateur et pasteur de l\u2019\u00c9glise \u00e9vang\u00e9lique de Pierrelatte dans la Dr\u00f4me proven\u00e7ale pendant de nombreuses ann\u00e9es.<\/p>\n<p>Fran\u00e7oise Newberry est Fran\u00e7aise et accompagne Yan dans son minist\u00e8re. Elle propose en parall\u00e8le, pour les \u00c9glises qui le souhaitent, une animation pour les enfants.<\/p>\n<p>Actuellement, ils sont bas\u00e9s \u00e0 Montpellier et tout leur temps est d\u00e9sormais consacr\u00e9 \u00e0 animer les s\u00e9minaires sur la pri\u00e8re.<\/p>\n<p><a href=\"http:\/\/enviedeprier.com\/wordpress\/fr\/livres-et-support-pedagogiques\/\">Livres et supports p\u00e9dagogiques \u00e9crits par Yan Newberry<\/a><\/p>\n<h2>Recommandations<\/h2>\n<p><img loading=\"lazy\" decoding=\"async\" class=\"alignnone wp-image-90 size-full\" src=\"http:\/\/enviedeprier.com\/wordpress\/wp-content\/uploads\/2015\/08\/Recommandation-Yan-Newberryjpg_Page1.jpg\" alt=\"Recommandation Yan Newberryjpg_Page1\" width=\"1190\" height=\"1684\" srcset=\"http:\/\/enviedeprier.com\/wordpress\/wp-content\/uploads\/2015\/08\/Recommandation-Yan-Newberryjpg_Page1.jpg 1190w, http:\/\/enviedeprier.com\/wordpress\/wp-content\/uploads\/2015\/08\/Recommandation-Yan-Newberryjpg_Page1-212x300.jpg 212w, http:\/\/enviedeprier.com\/wordpress\/wp-content\/uploads\/2015\/08\/Recommandation-Yan-Newberryjpg_Page1-724x1024.jpg 724w\" sizes=\"auto, (max-width: 1190px) 100vw, 1190px\" \/><\/p>\n<p><img loading=\"lazy\" decoding=\"async\" class=\"alignnone wp-image-91 size-full\" src=\"http:\/\/enviedeprier.com\/wordpress\/wp-content\/uploads\/2015\/08\/RecommandationYNjpg_Page1.jpg\" alt=\"RecommandationYNjpg_Page1\" width=\"1190\" height=\"1684\" srcset=\"http:\/\/enviedeprier.com\/wordpress\/wp-content\/uploads\/2015\/08\/RecommandationYNjpg_Page1.jpg 1190w, http:\/\/enviedeprier.com\/wordpress\/wp-content\/uploads\/2015\/08\/RecommandationYNjpg_Page1-212x300.jpg 212w, http:\/\/enviedeprier.com\/wordpress\/wp-content\/uploads\/2015\/08\/RecommandationYNjpg_Page1-724x1024.jpg 724w\" sizes=\"auto, (max-width: 1190px) 100vw, 1190px\" \/><\/p>\n<p>&nbsp;<\/p>\n","protected":false},"excerpt":{"rendered":"<p>Pr\u00e9sentation de Yan et Fran\u00e7oise Newberry Yan est mari\u00e9 avec Fran\u00e7oise, ils ont deux enfants. Ils ont fait leurs \u00e9tudes de th\u00e9ologie \u00e0 l\u2019Institut Biblique Emma\u00fcs \u00e0 Saint-L\u00e9gier en Suisse. &#8230; <a title=\"Orateur\" class=\"read-more\" href=\"http:\/\/enviedeprier.com\/wordpress\/fr\/orateur\/\" aria-label=\"En savoir plus sur Orateur\">Lire la suite<\/a><\/p>\n","protected":false},"author":1,"featured_media":0,"parent":0,"menu_order":3,"comment_status":"closed","ping_status":"closed","template":"","meta":{"_exactmetrics_skip_tracking":false,"_exactmetrics_sitenote_active":false,"_exactmetrics_sitenote_note":"","_exactmetrics_sitenote_category":0,"generate_page_header":"","footnotes":""},"class_list":["post-54","page","type-page","status-publish"],"_links":{"self":[{"href":"http:\/\/enviedeprier.com\/wordpress\/wp-json\/wp\/v2\/pages\/54","targetHints":{"allow":["GET"]}}],"collection":[{"href":"http:\/\/enviedeprier.com\/wordpress\/wp-json\/wp\/v2\/pages"}],"about":[{"href":"http:\/\/enviedeprier.com\/wordpress\/wp-json\/wp\/v2\/types\/page"}],"author":[{"embeddable":true,"href":"http:\/\/enviedeprier.com\/wordpress\/wp-json\/wp\/v2\/users\/1"}],"replies":[{"embeddable":true,"href":"http:\/\/enviedeprier.com\/wordpress\/wp-json\/wp\/v2\/comments?post=54"}],"version-history":[{"count":11,"href":"http:\/\/enviedeprier.com\/wordpress\/wp-json\/wp\/v2\/pages\/54\/revisions"}],"predecessor-version":[{"id":767,"href":"http:\/\/enviedeprier.com\/wordpress\/wp-json\/wp\/v2\/pages\/54\/revisions\/767"}],"wp:attachment":[{"href":"http:\/\/enviedeprier.com\/wordpress\/wp-json\/wp\/v2\/media?parent=54"}],"curies":[{"name":"wp","href":"https:\/\/api.w.org\/{rel}","templated":true}]}}