{"id":59,"date":"2015-08-27T20:53:55","date_gmt":"2015-08-27T19:53:55","guid":{"rendered":"http:\/\/enviedeprier.com\/wordpress\/?page_id=59"},"modified":"2025-07-03T18:30:16","modified_gmt":"2025-07-03T16:30:16","slug":"cultiver-ma-vie-de-priere","status":"publish","type":"page","link":"http:\/\/enviedeprier.com\/wordpress\/fr\/cultiver-ma-vie-de-priere\/","title":{"rendered":"Cultiver ma vie de pri\u00e8re"},"content":{"rendered":"<h2>Lettre 1<\/h2>\n<ul>\n<li>La pri\u00e8re : probl\u00e8mes et solutions<\/li>\n<li>Petits conseils pour prier en famille<\/li>\n<li>Prier avec les enfants d\u00e8s leur plus jeune \u00e2ge<\/li>\n<li>Comment prier pour nos fr\u00e8res et nos s\u0153urs ?<\/li>\n<\/ul>\n<p><a href=\"http:\/\/enviedeprier.com\/wordpress\/wp-content\/uploads\/2015\/08\/lettre_01.pdf\" target=\"_blank\" rel=\"noopener\">T\u00e9l\u00e9charger en pdf<\/a><\/p>\n<h2>Lettre 2<\/h2>\n<ul>\n<li>La place et le r\u00f4le de la Bible dans nos pri\u00e8res<\/li>\n<li>De la th\u00e9orie \u00e0 la pratique&nbsp;: comment prier pour un fr\u00e8re ou une s\u0153ur en Christ \u00e0 partir d&rsquo;un texte biblique<\/li>\n<\/ul>\n<p><a href=\"http:\/\/enviedeprier.com\/wordpress\/wp-content\/uploads\/2015\/08\/lettre_02.pdf\" target=\"_blank\" rel=\"noopener\">T\u00e9l\u00e9charger en pdf<\/a><\/p>\n<h2>Lettre 3<\/h2>\n<ul>\n<li>Id\u00e9es et pistes pour enrichir ma vie de pri\u00e8re&nbsp;:\n<ul>\n<li>Comment \u00eatre motiv\u00e9 pour prier&nbsp;?<\/li>\n<li>Comment rendre agr\u00e9able mon temps de pri\u00e8re&nbsp;?<\/li>\n<\/ul>\n<\/li>\n<\/ul>\n<p><a href=\"http:\/\/enviedeprier.com\/wordpress\/wp-content\/uploads\/2015\/08\/lettre_03.pdf\" target=\"_blank\" rel=\"noopener\">T\u00e9l\u00e9charger en pdf<\/a><\/p>\n<h2>Lettre 4<\/h2>\n<ul>\n<li>Comprendre le but de la pri\u00e8re : la gloire de Dieu<\/li>\n<li>Une pri\u00e8re fond\u00e9e et enracin\u00e9e dans la parole de Dieu<\/li>\n<\/ul>\n<p><a href=\"http:\/\/enviedeprier.com\/wordpress\/wp-content\/uploads\/2015\/08\/lettre_04.pdf\" target=\"_blank\" rel=\"noopener\">T\u00e9l\u00e9charger en pdf<\/a><\/p>\n<h2>Lettre 5<\/h2>\n<ul>\n<li>Pourquoi faut-il remettre la pri\u00e8re au c\u0153ur de la vie de l\u2019\u00e9glise<\/li>\n<\/ul>\n<p><a href=\"http:\/\/enviedeprier.com\/wordpress\/wp-content\/uploads\/2015\/08\/lettre_05.pdf\" target=\"_blank\" rel=\"noopener\">T\u00e9l\u00e9charger en pdf<\/a><\/p>\n<h2>Lettre 6<\/h2>\n<ul>\n<li>J\u00e9sus : notre encouragement et mod\u00e8le parfait pour prier<\/li>\n<\/ul>\n<p><a href=\"http:\/\/enviedeprier.com\/wordpress\/wp-content\/uploads\/2015\/08\/lettre_06.pdf\" target=\"_blank\" rel=\"noopener\">T\u00e9l\u00e9charger en pdf<\/a><\/p>\n<h2>Lettre 7<\/h2>\n<ul>\n<li>Vous avez la parole<\/li>\n<li>Dieu peut faire l&rsquo;impossible par tes pri\u00e8res !<\/li>\n<\/ul>\n<p><a href=\"http:\/\/enviedeprier.com\/wordpress\/wp-content\/uploads\/2015\/10\/lettre_07.pdf\" target=\"_blank\" rel=\"noopener\">T\u00e9l\u00e9charger en pdf<\/a><\/p>\n<h2>Lettre 8<\/h2>\n<ul>\n<li>La pri\u00e8re est au centre de la mission, la pri\u00e8re est la mission !<\/li>\n<\/ul>\n<p><a href=\"http:\/\/enviedeprier.com\/wordpress\/wp-content\/uploads\/2015\/10\/lettre_08.pdf\" target=\"_blank\" rel=\"noopener\">T\u00e9l\u00e9charger en pdf<\/a><\/p>\n<h2>Lettre 9<\/h2>\n<ul>\n<li>Une nouveaut\u00e9 en 2015<\/li>\n<li>La source du r\u00e9veil : un c\u0153ur qui br\u00fble !<\/li>\n<\/ul>\n<p><a href=\"http:\/\/enviedeprier.com\/wordpress\/wp-content\/uploads\/2015\/10\/lettre_09.pdf\" target=\"_blank\" rel=\"noopener\">T\u00e9l\u00e9charger en pdf<\/a><\/p>\n<h2>Lettre 10<\/h2>\n<ul>\n<li>Quelques t\u00e9moignages<\/li>\n<li>Prier c&rsquo;est passionnant !<\/li>\n<\/ul>\n<p><a href=\"http:\/\/enviedeprier.com\/wordpress\/wp-content\/uploads\/2016\/06\/lettre_10.pdf\" target=\"_blank\" rel=\"noopener\">T\u00e9l\u00e9charger en pdf<\/a><\/p>\n<h2>Lettre 11<\/h2>\n<ul>\n<li>S\u00e9lection de livres pour \u00e9toffer sa vie de pri\u00e8re<\/li>\n<li>Quelques t\u00e9moignages<\/li>\n<\/ul>\n<p><a href=\"http:\/\/enviedeprier.com\/wordpress\/wp-content\/uploads\/2017\/04\/lettre_11.pdf\">T\u00e9l\u00e9charger en pdf<\/a><\/p>\n<h2>Lettre 12<\/h2>\n<ul>\n<li>Des vacances bien remplies<\/li>\n<li>Pourquoi la pri\u00e8re est parfois difficile ?<\/li>\n<li>Quelques sujets de pri\u00e8re<\/li>\n<li>Des id\u00e9es de lecture<\/li>\n<\/ul>\n<p><a href=\"http:\/\/enviedeprier.com\/wordpress\/wp-content\/uploads\/2018\/08\/Lettre_12.pdf\">T\u00e9l\u00e9charger en pdf<\/a><\/p>\n<h2>Lettre 13<\/h2>\n<ul>\n<li>Prier avec les textes bibliques<\/li>\n<li>Un calendrier de pri\u00e8res<\/li>\n<li>6 juin 2020 : une journ\u00e9e de formation \u00e0 Pontault-Combault<\/li>\n<\/ul>\n<p><a href=\"http:\/\/enviedeprier.com\/wordpress\/wp-content\/uploads\/2019\/12\/Lettre_13.pdf\" target=\"_blank\" rel=\"noopener\">T\u00e9l\u00e9charger en pdf<\/a><\/p>\n<h2>Lettre 14<\/h2>\n<ul>\n<li>Soyons reconnaissants !<\/li>\n<li>Une lettre d&rsquo;encouragement<\/li>\n<li>S\u00e9minaire en ligne<\/li>\n<li>Recrutement de formateurs<\/li>\n<\/ul>\n<p><a href=\"http:\/\/enviedeprier.com\/wordpress\/wp-content\/uploads\/2021\/11\/Lettre_14.pdf\" target=\"_blank\" rel=\"noopener\">T\u00e9l\u00e9charger en pdf<\/a><\/p>\n\n\n<h2 class=\"wp-block-heading has-large-font-size\">Lettre 15<\/h2>\n\n\n\n<ul class=\"wp-block-list\">\n<li>Prier c&rsquo;est passionnant<\/li>\n\n\n\n<li>Quels sont les sujets cl\u00e9s pour acc\u00e9l\u00e9rer l&rsquo;\u00e9vang\u00e9lisation en France<\/li>\n\n\n\n<li>D\u00e9couvrir le s\u00e9minaire en ligne<\/li>\n<\/ul>\n\n\n\n<p><a href=\"http:\/\/enviedeprier.com\/wordpress\/wp-content\/uploads\/2022\/07\/Lettre_15.pdf\" target=\"_blank\" rel=\"noreferrer noopener\">T\u00e9l\u00e9charger en pdf<\/a><\/p>\n\n\n\n<h2 class=\"wp-block-heading has-large-font-size\">Lettre 16<\/h2>\n\n\n\n<ul class=\"wp-block-list\">\n<li>La source du r\u00e9veil : un c\u0153ur qui br\u00fble<\/li>\n\n\n\n<li>Qu&rsquo;est-ce qu&rsquo;un s\u00e9minaire sur la pri\u00e8re ?<\/li>\n\n\n\n<li>Devenir formateur dans les s\u00e9minaires sur la pri\u00e8re<\/li>\n<\/ul>\n\n\n\n<p><a href=\"http:\/\/enviedeprier.com\/wordpress\/wp-content\/uploads\/2023\/07\/Lettre_16.pdf\">T\u00e9l\u00e9charger en pdf<\/a><\/p>\n\n\n\n<h2 class=\"wp-block-heading\">Lettre 17<\/h2>\n\n\n\n<ul class=\"wp-block-list\">\n<li>T\u00e9moignages de plusieurs membres de l&rsquo;association S\u00e9minaires<\/li>\n\n\n\n<li>Entretien avec R\u00e9gine Heitz et Yan Newberry<\/li>\n\n\n\n<li>Qu&rsquo;est-ce qu&rsquo;un s\u00e9minaire sur la pri\u00e8re ?<\/li>\n\n\n\n<li>Devenir formateur dans les s\u00e9minaires sur la pri\u00e8re<\/li>\n\n\n\n<li>Voulez-vous soutenir l&rsquo;\u0153uvre de l&rsquo;association S\u00e9minaires ?<\/li>\n<\/ul>\n\n\n\n<p><a href=\"http:\/\/enviedeprier.com\/wordpress\/wp-content\/uploads\/2024\/06\/Lettre_17.pdf\">T\u00e9l\u00e9charger en pdf<\/a><\/p>\n\n\n\n<h2 class=\"wp-block-heading\">Lettre 18<\/h2>\n\n\n\n<ul class=\"wp-block-list\">\n<li>Pourquoi prier ?<\/li>\n\n\n\n<li>Prier est aussi une attitude de c\u0153ur<\/li>\n\n\n\n<li>Combattre dans la pri\u00e8re<\/li>\n\n\n\n<li>Devenir formateur dans les s\u00e9minaires sur la pri\u00e8re<\/li>\n\n\n\n<li>Qu&rsquo;est-ce qu&rsquo;un s\u00e9minaire sur la pri\u00e8re ? T\u00e9moignage<\/li>\n\n\n\n<li>Voulez-vous soutenir l&rsquo;\u0153uvre de l&rsquo;association S\u00e9minaires ?<\/li>\n<\/ul>\n\n\n\n<p><a href=\"http:\/\/enviedeprier.com\/wordpress\/wp-content\/uploads\/2025\/07\/Lettre_18.pdf\">T\u00e9l\u00e9charger en pdf<\/a><\/p>\n","protected":false},"excerpt":{"rendered":"<p>Lettre 1 La pri\u00e8re : probl\u00e8mes et solutions Petits conseils pour prier en famille Prier avec les enfants d\u00e8s leur plus jeune \u00e2ge Comment prier pour nos fr\u00e8res et nos &#8230; <a title=\"Cultiver ma vie de pri\u00e8re\" class=\"read-more\" href=\"http:\/\/enviedeprier.com\/wordpress\/fr\/cultiver-ma-vie-de-priere\/\" aria-label=\"En savoir plus sur Cultiver ma vie de pri\u00e8re\">Lire la suite<\/a><\/p>\n","protected":false},"author":1,"featured_media":0,"parent":0,"menu_order":5,"comment_status":"closed","ping_status":"closed","template":"","meta":{"_exactmetrics_skip_tracking":false,"_exactmetrics_sitenote_active":false,"_exactmetrics_sitenote_note":"","_exactmetrics_sitenote_category":0,"generate_page_header":"","footnotes":""},"class_list":["post-59","page","type-page","status-publish"],"_links":{"self":[{"href":"http:\/\/enviedeprier.com\/wordpress\/wp-json\/wp\/v2\/pages\/59","targetHints":{"allow":["GET"]}}],"collection":[{"href":"http:\/\/enviedeprier.com\/wordpress\/wp-json\/wp\/v2\/pages"}],"about":[{"href":"http:\/\/enviedeprier.com\/wordpress\/wp-json\/wp\/v2\/types\/page"}],"author":[{"embeddable":true,"href":"http:\/\/enviedeprier.com\/wordpress\/wp-json\/wp\/v2\/users\/1"}],"replies":[{"embeddable":true,"href":"http:\/\/enviedeprier.com\/wordpress\/wp-json\/wp\/v2\/comments?post=59"}],"version-history":[{"count":17,"href":"http:\/\/enviedeprier.com\/wordpress\/wp-json\/wp\/v2\/pages\/59\/revisions"}],"predecessor-version":[{"id":1621,"href":"http:\/\/enviedeprier.com\/wordpress\/wp-json\/wp\/v2\/pages\/59\/revisions\/1621"}],"wp:attachment":[{"href":"http:\/\/enviedeprier.com\/wordpress\/wp-json\/wp\/v2\/media?parent=59"}],"curies":[{"name":"wp","href":"https:\/\/api.w.org\/{rel}","templated":true}]}}