{"id":74,"date":"2015-08-27T21:11:11","date_gmt":"2015-08-27T20:11:11","guid":{"rendered":"http:\/\/enviedeprier.com\/wordpress\/?page_id=74"},"modified":"2015-10-11T16:40:06","modified_gmt":"2015-10-11T15:40:06","slug":"idees-et-pistes-pour-enrichir-ma-vie-de-priere","status":"publish","type":"page","link":"http:\/\/enviedeprier.com\/wordpress\/fr\/cultiver-ma-vie-de-priere\/idees-et-pistes-pour-enrichir-ma-vie-de-priere\/","title":{"rendered":"Id\u00e9es et pistes pour enrichir ma vie de pri\u00e8re"},"content":{"rendered":"<h3>Comment \u00eatre motiv\u00e9 pour prier\u00a0?<\/h3>\n<p>Question importante\u00a0! Pour faire quoi que ce soit, il faut \u00eatre motiv\u00e9\u00a0! Vrai\u00a0? Voici quelques sources pour vous motiver \u00e0 bloc pour la pri\u00e8re\u00a0!<\/p>\n<p>\u2022 Comprendre l\u2019action trinitaire dans la pri\u00e8re.<\/p>\n<p>Appr\u00e9cier et comprendre l\u2019action de Dieu le P\u00e8re, Fils et Saint Esprit. Quand je prie, il est important de savoir que Dieu est l\u00e0, qu\u2019il voit et r\u00e9compense celui qui prie (Matthieu\u00a06.6.) Puis l\u2019Esprit-Saint participe et collabore avec moi\u00a0: il me donne \u00e9nergie, pr\u00e9cision et direction (Romains\u00a08.26). J\u00e9sus est au milieu de nous quand nous prions (Matthieu\u00a018.20). Il nous donne un libre acc\u00e8s \u00e0 Dieu\u00a0: \u00ab\u00a0il a fray\u00e9 un chemin\u00a0\u00bb (H\u00e9breux\u00a010.19) Donc plus de barri\u00e8res, de culpabilit\u00e9, etc. Et enfin le bonus\u00a0: Quand je n\u2019arrive pas \u00e0 prier dans les moments difficiles, comme la maladie, le deuil, le d\u00e9couragement\u2026, quand le diable me pr\u00e9sente sa \u00ab\u00a0carte de visite\u00a0\u00bb pour me mettre \u00e0 plat et que je n\u2019arrive pas \u00e0 prier, alors je m\u2019appuie sur cette v\u00e9rit\u00e9 que\u00a0: \u00ab\u00a0J\u00e9sus interc\u00e8de en ma faveur\u00a0\u00bb (H\u00e9breux\u00a07.25). Il prend le relais\u00a0!<\/p>\n<p>\u2022 Dieu r\u00e9pond\u00a0!<\/p>\n<p>\u00ab\u00a0Je t\u2019invoque car tu m\u2019exauces \u00f4 Dieu\u00a0!\u00a0\u00bb (Psaumes\u00a017.6). David prie parce que Dieu r\u00e9pond \u00e0 la pri\u00e8re\u00a0! Quand je compte les interventions de Dieu dans ma vie, dans la vie de mes amis, dans la Bible et dans l\u2019Histoire de l\u2019Eglise, c\u2019est un puissant encouragement qui m\u2019aide \u00e0 entrer dans la pri\u00e8re. Dans la Bible, il y a au moins 653\u00a0pri\u00e8res\u00a0! Lors du bapt\u00eame de J\u00e9sus, par exemple, nous assistons \u00e0 trois miracles pendant la pri\u00e8re de J\u00e9sus (Matthieu\u00a03.21- 22). Lesquels\u00a0? George M\u00fcller, homme de pri\u00e8re et de foi, a not\u00e9 dans des cahiers quelques 10\u00a0000 r\u00e9ponses \u00e0 la pri\u00e8re\u00a0!<\/p>\n<p>Dans ma vie \u00e0 travers la pri\u00e8re des autres j\u2019ai vu des vies transform\u00e9es, des \u00c9glises na\u00eetre et grandir. A travers la pri\u00e8re d\u2019hommes de foi comme Georges Verwer ou Dale Rhoton (les fondateurs d\u2019Op\u00e9ration Mobilisation) j\u2019ai vu comment Dieu pouvait pourvoir, non seulement au financement des trois bateaux (Logos II, Doulos, et plus r\u00e9cemment le Logos Espoir), mais surtout susciter aujourd\u2019hui le personnel comp\u00e9tent pour faire fonctionner ces bateaux pour l\u2019\u00e9vang\u00e9lisation du monde\u00a0! Moi aussi, comme David le psalmiste, je peux dire\u00a0: \u00ab\u00a0Je prie car tu m\u2019exauces \u00f4 Dieu.\u00a0\u00bb Et toi\u00a0?<\/p>\n<p>\u2022 Prier me fait du bien et combat le stress\u00a0!<\/p>\n<p>Eh oui\u00a0! Pour moi prier est une joie. Je peux parler avec Dieu comme avec un ami\u00a0! \u00ab\u00a0M\u2019approcher de Dieu, c\u2019est mon bien\u00a0\u00bb (Psaumes\u00a073.28). Dieu, mon P\u00e8re est le grand m\u00e9decin qui conna\u00eet parfaitement mes besoins profonds. Cela me fait du bien de pouvoir tout lui dire\u00a0: mes questions, mes \u00e9checs, mes projets, mes combats\u2026 \u00ab\u00a0Faites conna\u00eetre vos besoins \u00e0 Dieu par des pri\u00e8res\u00a0\u00bb (Philippiens\u00a04.6). Quel bonheur de pouvoir, dans la pri\u00e8re, d\u00e9poser mes fardeaux\u00a0! Jean Chrysostome (\u00e9v\u00eaque de Constantinople\u00a0334-407 apr. J.-C.) a dit\u00a0: \u00ab\u00a0Nous recevons le plus grand bien de la pri\u00e8re avant de recevoir la r\u00e9ponse \u00e0 notre pri\u00e8re.\u00a0\u00bb<\/p>\n<p>\u2022 Prier m\u2019aide \u00e0 changer de regard sur les situations.<\/p>\n<p>La pri\u00e8re ne change pas toujours les circonstances, mais m\u2019aide \u00e0 voir et \u00e0 comprendre les circonstances au travers \u00ab\u00a0des lunettes de Dieu\u00a0\u00bb. Cela me donne une autre perspective\u00a0! David exprime cette v\u00e9rit\u00e9\u00a0: \u00ab\u00a0la difficult\u00e9 fut grande jusqu\u2019\u00e0 ce que je p\u00e9n\u00e8tre dans la maison de Dieu\u00a0\u00bb (Psaumes\u00a073.16). Attention\u00a0! prier, ce n\u2019est pas pour obtenir ce que nous voulons, mais pour devenir ce que Dieu veut que nous soyons\u00a0! Prier c\u2019est surtout se laisser changer, se laisser fa\u00e7onner par Dieu, comme la toile devant le peintre ou le marbre devant le sculpteur\u00a0: Disponible\u00a0! Souvent Dieu ne change pas les circonstances mais change notre mani\u00e8re de les voir\u00a0!<\/p>\n<p>\u2022 Prier c\u2019est collaborer avec Dieu\u00a0! (1\u00a0Corinthiens\u00a03.9)<\/p>\n<p>\u00ab\u00a0Dieu a institu\u00e9 la pri\u00e8re, pour permettre \u00e0 nous ses cr\u00e9atures d\u2019avoir la dignit\u00e9 d\u2019\u00eatre acteurs dans son th\u00e9\u00e2tre\u00a0\u00bb (Blaise\u00a0Pascal). Quel privil\u00e8ge de savoir que la pri\u00e8re n\u2019est pas d\u2019abord l\u2019\u0153uvre de l\u2019homme mais une d\u00e9monstration de la puissance de Dieu \u00e0 travers l\u2019homme\u00a0! Dieu aurait pu faire tout sans nous\u00a0! Mais non, \u00e0 travers nos pri\u00e8res il d\u00e9sire une collaboration avec sa cr\u00e9ature\u00a0! Myst\u00e8re\u00a0! Souvent dans l\u2019Ancien Testament, Dieu, avant d\u2019agir, demande aux hommes de prier (Gen\u00e8se\u00a020.7-17\u00a0; Job\u00a042.7-9). N\u2019est-il pas merveilleux d\u2019\u00eatre co\u00e9quipier avec Dieu\u00a0? John Wesley va encore plus loin\u00a0: \u00ab\u00a0Dieu ne fait rien sauf en r\u00e9ponse \u00e0 nos pri\u00e8res\u00a0\u00bb\u2026 Qu\u2019en pensez-vous\u00a0?<\/p>\n<p>\u2022 Comprendre le but final de la pri\u00e8re\u00a0!<\/p>\n<p>Dieu a tout fait pour un but (Proverbes\u00a016.4)\u00a0! J\u00e9sus, dans sa pri\u00e8re de Jean\u00a017, pr\u00e9cise que le but de la pri\u00e8re c\u2019est la gloire de Dieu. La pri\u00e8re pr\u00e9pare une occasion pour Dieu d\u2019exprimer sa puissance\u00a0!<\/p>\n<h3>Comment rendre agr\u00e9able mon temps de pri\u00e8re\u00a0?<\/h3>\n<h4><strong>Conseil pratiques<\/strong><\/h4>\n<p>1. Acqu\u00e9rir des bonnes bases<\/p>\n<p>Prier, c\u2019est comme la musique\u00a0: cela s\u2019apprend\u00a0! Vous d\u00e9sirez devenir pianiste, concertiste et jouer du Beethoven, Bach, Mozart, Liszt\u00a0! D\u2019accord, mais pour y arriver il faut d\u2019abord acqu\u00e9rir les bonnes bases\u00a0: faire des gammes, avec le bon doigt\u00e9, conna\u00eetre le solf\u00e8ge, respecter les mesures, conna\u00eetre les auteurs, leur style, leur \u00e9poque, s\u2019exercer tous les jours, aimer la musique, pers\u00e9v\u00e9rer\u2026 peu importe les difficult\u00e9s\u00a0! Au d\u00e9but cela peut nous para\u00eetre inutile, barbant\u00a0! Mais non\u00a0! cet apprentissage est non seulement n\u00e9cessaire, mais utile, indispensable pour progresser\u00a0! Avec la pri\u00e8re, c\u2019est pareil, on apprend les bases solides, on s\u2019accroche \u00e0 Dieu, \u00e0 ses promesses. On pers\u00e9v\u00e8re, puis la pri\u00e8re devient un moment agr\u00e9able dans la pr\u00e9sence du Dieu vivant\u00a0! C\u2019est ainsi que votre vie de pri\u00e8re va prendre de l\u2019\u00e9toffe, de la profondeur et des ailes\u00a0!<\/p>\n<p>2. Pour construire haut il faut creuser profond\u00a0!<\/p>\n<p>Dieu doit \u00eatre le fondement sur lequel on b\u00e2tit toute notre vie de pri\u00e8re\u00a0! Pour bien prier, il est n\u00e9cessaire d\u2019avoir une bonne th\u00e9ologie\u00a0: c\u2019est-\u00e0-dire une connaissance de Dieu qui est juste et profonde. Dieu doit \u00eatre la source et le centre de nos pri\u00e8res. \u00ab\u00a0Plongez-vous en Dieu comme dans une mer profonde\u00a0; vous en ressortirez renouvel\u00e9, rafra\u00eechi et plein d\u2019une nouvelle vigueur\u00a0!\u00a0\u00bb Pour avoir une vraie joie dans la pri\u00e8re, je vous conseille avant tout de mieux conna\u00eetre Dieu\u00a0! La vraie pri\u00e8re c\u2019est quand Dieu lui-m\u00eame devient plus important que nos requ\u00eates ou les r\u00e9ponses que nous attendons. M\u00e9ditez les attributs de Dieu\u00a0: sa majest\u00e9, sa puissance, sa grandeur, sa saintet\u00e9, sa fid\u00e9lit\u00e9, sa justice, sa sagesse\u2026 et laissez-les nourrir votre pri\u00e8re.<\/p>\n<p>Attention. Les livres, CD, exp\u00e9riences, conseils des autres peuvent nous \u00eatre utiles mais ne peuvent jamais remplacer le fondement sur lequel on b\u00e2t\u00eet notre vie de pri\u00e8re, \u00e0 savoir Dieu lui-m\u00eame\u00a0!<\/p>\n<p>3. Poser des questions sur la pri\u00e8re et chercher des r\u00e9ponses dans la Bible<\/p>\n<p>Que pouvons-nous apprendre concernant la structure, le contenu et l\u2019efficacit\u00e9 des pri\u00e8res de l\u2019Ancien Testament\u00a0? Par exemple, la structure, et le contenu des pri\u00e8res de N\u00e9h\u00e9mie. Que dit J\u00e9sus sur la pri\u00e8re (Matthieu\u00a06)\u00a0? Quand a-t-il pri\u00e9\u00a0? Pour qui\u00a0? Comment a-t-il pri\u00e9\u00a0? Que puis-je apprendre des pri\u00e8res de l\u2019ap\u00f4tre Paul\u00a0? Noter toutes les r\u00e9f\u00e9rences \u00e0 la pri\u00e8re dans le livre des Actes\u00a0! Utiliser les pri\u00e8res bibliques comme mod\u00e8les.<\/p>\n<p>4. Fixer chaque jour un temps et un lieu o\u00f9 vous ne serez pas d\u00e9rang\u00e9 pendant votre temps de pri\u00e8re\u00a0!<\/p>\n<p>5. Prier sur des textes bibliques<\/p>\n<p>Les pri\u00e8res fond\u00e9es sur la Parole sont riches et puissantes. Cette parole vivifiante de Dieu donne non seulement une orientation, une direction \u00e0 nos pri\u00e8res, mais aussi un contenu et une substance. Commencez par exemple avec le Psaume\u00a01\u00a0: M\u00e9ditez sur ce verset, ou sur un mot dans ce verset, puis utilisez l\u2019id\u00e9e principale du verset pour alimenter et orienter votre pri\u00e8re\u00a0!<\/p>\n<p>6. Donner de la vari\u00e9t\u00e9\u00a0!<\/p>\n<p>Explorer les diff\u00e9rentes facettes de la pri\u00e8re\u00a0: Adoration \u2013 intercession \u2013 requ\u00eates \u2013 confession \u2013 remerciements \u2013 chant \u2013 \u00e9coute de Dieu \u00e0 travers sa Parole\u2026 T\u00e2cher de d\u00e9finir et de pratiquer les diff\u00e9rents types de pri\u00e8re d\u2019une mani\u00e8re \u00e9quilibr\u00e9e\u00a0!<\/p>\n<p>7. Trouver un(e) ami(e) chr\u00e9tien(ne) qui aime prier et avec qui vous pourrez prier r\u00e9guli\u00e8rement<\/p>\n<p>8. Assister \u00e0 la r\u00e9union de pri\u00e8re de votre \u00e9glise<\/p>\n<p>9. Prier dans de bonnes conditions<\/p>\n<p>Priez quand vous \u00eates bien alerte\u00a0! Souvent, je prie lors d\u2019une promenade dans la nature. Priez \u00e0 haute voix, cela va vous aider \u00e0 vous concentrer. Si la belle musique vous aide \u00e0 vous rapprocher de Dieu, pourquoi ne pas mettre un fond musical de qualit\u00e9\u00a0? \u00c9vitez les lieux et les choses qui risquent de vous distraire ou de vous d\u00e9tourner de la pri\u00e8re. C\u2019est pourquoi, je ne prie pas dans mon bureau o\u00f9 j\u2019ai trop de distractions.<\/p>\n<p>10. \u00c9crire vos pri\u00e8res dans un cahier<\/p>\n<p>Pendant des ann\u00e9es, et encore aujourd\u2019hui, je mets par \u00e9crit mes pri\u00e8res. Cela m\u2019aide \u00e0 incarner mes pens\u00e9es sur le papier, \u00e0 conserver mes requ\u00eates et noter les r\u00e9ponses \u00e0 mes pri\u00e8res.<\/p>\n<p>11. Combattre les ennemis de la pri\u00e8re<\/p>\n<p>Savoir discerner les ennemis de la pri\u00e8re, et les combattre\u00a0: manque de concentration, fatigue, manque de discipline, d\u00e9couragement, manque d\u2019ordre dans notre vie personnelle, le doute, le l\u00e9galisme. Chercher \u00e0 comprendre pourquoi Dieu parfois ne r\u00e9pond pas \u00e0 nos pri\u00e8res\u00a0! Il existe au moins quatre raisons bibliques\u00a0: les connaissez-vous\u00a0?<\/p>\n<p>12. Utiliser les pri\u00e8res des autres<\/p>\n<p>Pour les moments o\u00f9 j\u2019ai du mal \u00e0 prier ou quand je ne trouve pas les mots je peux aussi prier les pri\u00e8res des autres. Renseignez-vous dans votre librairie chr\u00e9tienne pour ce type de livre.<\/p>\n<p>13. Je prie comme je respire\u00a0: naturellement\u00a0!<\/p>\n<p>Cultivez l\u2019habitude de parler avec Dieu comme avec un ami. Que cela devienne aussi r\u00e9gulier que le battement de votre c\u0153ur\u00a0! Priez en tout temps, en tous lieux, pour toutes choses\u00a0! Si vous priez en conduisant, n\u2019oubliez pas de garder les yeux ouverts\u00a0! C\u2019est permis\u00a0!<\/p>\n<p>14. Investir dans de bons livres qui vont enrichir votre vie de pri\u00e8re<\/p>\n<p><em>Th\u00e9ologie de la pri\u00e8re<\/em>, <em>Psychologie de la pri\u00e8re<\/em>, Pablo Martinez, \u00c9ditions\u00a0LLB.<\/p>\n<p><em>Conna\u00eetre Dieu<\/em>, J. Packer, \u00c9ditions Gr\u00e2ce et V\u00e9rit\u00e9.<\/p>\n<p><em>Le d\u00e9sir et le plaisir de prier<\/em>, La pri\u00e8re j\u2019y crois, Yan Newberry, \u00c9ditions\u00a0Biblos.<\/p>\n<p><em>DVD Intercession efficace<\/em>, Association S\u00e9minaires.<\/p>\n<p><em>La pri\u00e8re renouvel\u00e9e<\/em>, D. Carson, \u00c9ditions Excelsis.<\/p>\n<p>&#8230;<\/p>\n<p>Conclusion\u00a0: Ne jamais oublier que \u00ab\u00a0la plus grande chose que nous puissions faire pour Dieu et pour l\u2019homme, c\u2019est\u00a0: prier\u00a0\u00bb\u00a0!<\/p>\n","protected":false},"excerpt":{"rendered":"<p>Comment \u00eatre motiv\u00e9 pour prier\u00a0? Question importante\u00a0! Pour faire quoi que ce soit, il faut \u00eatre motiv\u00e9\u00a0! Vrai\u00a0? Voici quelques sources pour vous motiver \u00e0 bloc pour la pri\u00e8re\u00a0! \u2022 &#8230; <a title=\"Id\u00e9es et pistes pour enrichir ma vie de pri\u00e8re\" class=\"read-more\" href=\"http:\/\/enviedeprier.com\/wordpress\/fr\/cultiver-ma-vie-de-priere\/idees-et-pistes-pour-enrichir-ma-vie-de-priere\/\" aria-label=\"En savoir plus sur Id\u00e9es et pistes pour enrichir ma vie de pri\u00e8re\">Lire la suite<\/a><\/p>\n","protected":false},"author":1,"featured_media":0,"parent":59,"menu_order":5,"comment_status":"closed","ping_status":"closed","template":"","meta":{"_exactmetrics_skip_tracking":false,"_exactmetrics_sitenote_active":false,"_exactmetrics_sitenote_note":"","_exactmetrics_sitenote_category":0,"generate_page_header":"","footnotes":""},"class_list":["post-74","page","type-page","status-publish"],"_links":{"self":[{"href":"http:\/\/enviedeprier.com\/wordpress\/wp-json\/wp\/v2\/pages\/74","targetHints":{"allow":["GET"]}}],"collection":[{"href":"http:\/\/enviedeprier.com\/wordpress\/wp-json\/wp\/v2\/pages"}],"about":[{"href":"http:\/\/enviedeprier.com\/wordpress\/wp-json\/wp\/v2\/types\/page"}],"author":[{"embeddable":true,"href":"http:\/\/enviedeprier.com\/wordpress\/wp-json\/wp\/v2\/users\/1"}],"replies":[{"embeddable":true,"href":"http:\/\/enviedeprier.com\/wordpress\/wp-json\/wp\/v2\/comments?post=74"}],"version-history":[{"count":1,"href":"http:\/\/enviedeprier.com\/wordpress\/wp-json\/wp\/v2\/pages\/74\/revisions"}],"predecessor-version":[{"id":75,"href":"http:\/\/enviedeprier.com\/wordpress\/wp-json\/wp\/v2\/pages\/74\/revisions\/75"}],"up":[{"embeddable":true,"href":"http:\/\/enviedeprier.com\/wordpress\/wp-json\/wp\/v2\/pages\/59"}],"wp:attachment":[{"href":"http:\/\/enviedeprier.com\/wordpress\/wp-json\/wp\/v2\/media?parent=74"}],"curies":[{"name":"wp","href":"https:\/\/api.w.org\/{rel}","templated":true}]}}