{"id":76,"date":"2015-08-27T21:12:49","date_gmt":"2015-08-27T20:12:49","guid":{"rendered":"http:\/\/enviedeprier.com\/wordpress\/?page_id=76"},"modified":"2015-10-11T16:39:59","modified_gmt":"2015-10-11T15:39:59","slug":"faut-il-prier-pour-la-france","status":"publish","type":"page","link":"http:\/\/enviedeprier.com\/wordpress\/fr\/cultiver-ma-vie-de-priere\/faut-il-prier-pour-la-france\/","title":{"rendered":"Faut-il prier pour la France ?"},"content":{"rendered":"<blockquote><p>\u00ab\u00a0La pri\u00e8re pour la France est \u00e0 entreprendre pour un meilleur \u00e9tat des relations entre les chr\u00e9tiens. Nos manifestations, nos discours et nos sermons parlent tous d\u2019amour, d\u2019unit\u00e9 \u201cen Christ\u201d et de fraternit\u00e9\u2026 mais nos actes d\u00e9mentent \u00e0 l\u2019envi le langage \u00e9vang\u00e9lique utilis\u00e9. \u201cCe que vous faites parle si fort que je n\u2019entends plus ce que vous dites\u201d. En pr\u00e9sence de nos querelles de clochers et de nos divisions (comment l\u00e9gitimer certaines d\u2019entre elles\u00a0?), les Fran\u00e7ais \u2013 avant de croire \u2013 regardent et attendent pour voir \u201csi nous avons de l\u2019amour les uns pour les autres\u201d.\u00a0\u00bb<br \/>\n<strong><em>Charles Guillot<\/em><\/strong><\/p><\/blockquote>\n<p>&nbsp;<\/p>\n<blockquote><p>\u00ab\u00a0Pourquoi prier pour la France\u00a0? Comment douter du besoin des Fran\u00e7ais d\u2019entendre l\u2019\u00c9vangile\u00a0?<br \/>\nM\u00eame le Pape a reconnu que la France est une terre de mission\u00a0!<br \/>\nOr l\u2019\u00e9vang\u00e9lisation de nos concitoyens l\u00e9gendairement incr\u00e9dules et indiff\u00e9rents commence n\u00e9cessairement dans l\u2019intercession. Prions que le Seigneur les sortent de leur l\u00e9thargie spirituelle. Qu\u2019Il les d\u00e9livre de leur sentiment d\u2019orgueil et d\u2019autosuffisance. Dans un pays o\u00f9 les devins et autres astrologues font fortune, qu\u2019Il les d\u00e9livre de leur esprit faussement cart\u00e9sien qui les rassure quant \u00e0 leurs convictions de ne pas avoir besoin de J\u00e9sus.\u00a0\u00bb<br \/>\n<strong><em>Jean-Luc Tabailloux<\/em><\/strong><\/p><\/blockquote>\n<p>&nbsp;<\/p>\n<blockquote><p>\u00ab\u00a0Prier n\u2019est pas un exercice facile m\u00eame si la pri\u00e8re est quelques chose que l\u2019on pratique parfois machinalement au travers de certaines expressions. Quand on croise les doigts, certains ont l\u2019impression que l\u2019on se croise les bras. Lorsque les chr\u00e9tiens sont \u00e0 genoux les mains jointes, c\u2019est l\u00e0 qu\u2019ils sont le plus efficaces et que l\u2019ennemi tremble. Ne voulons-nous pas faire trembler l\u2019ennemi de nos \u00e2mes\u00a0? Prier pour la France c\u2019est prier naturellement et r\u00e9guli\u00e8rement, pour ceux que nous aimons, notre famille, nos amis, nos voisins, nos connaissances, mais \u00e7a devrait \u00eatre, tout aussi r\u00e9guli\u00e8rement pour notre pays et ses autorit\u00e9s que nous oublions bien souvent. Ne d\u00e9sirons-nous pas que la volont\u00e9 de Dieu soit faite en France comme elle est faite au ciel\u00a0?\u00a0\u00bb<br \/>\n<strong><em>Jack Mouyon<\/em><\/strong><\/p><\/blockquote>\n","protected":false},"excerpt":{"rendered":"<p>\u00ab\u00a0La pri\u00e8re pour la France est \u00e0 entreprendre pour un meilleur \u00e9tat des relations entre les chr\u00e9tiens. Nos manifestations, nos discours et nos sermons parlent tous d\u2019amour, d\u2019unit\u00e9 \u201cen Christ\u201d &#8230; <a title=\"Faut-il prier pour la France ?\" class=\"read-more\" href=\"http:\/\/enviedeprier.com\/wordpress\/fr\/cultiver-ma-vie-de-priere\/faut-il-prier-pour-la-france\/\" aria-label=\"En savoir plus sur Faut-il prier pour la France ?\">Lire la suite<\/a><\/p>\n","protected":false},"author":1,"featured_media":0,"parent":59,"menu_order":4,"comment_status":"closed","ping_status":"closed","template":"","meta":{"_exactmetrics_skip_tracking":false,"_exactmetrics_sitenote_active":false,"_exactmetrics_sitenote_note":"","_exactmetrics_sitenote_category":0,"generate_page_header":"","footnotes":""},"class_list":["post-76","page","type-page","status-publish"],"_links":{"self":[{"href":"http:\/\/enviedeprier.com\/wordpress\/wp-json\/wp\/v2\/pages\/76","targetHints":{"allow":["GET"]}}],"collection":[{"href":"http:\/\/enviedeprier.com\/wordpress\/wp-json\/wp\/v2\/pages"}],"about":[{"href":"http:\/\/enviedeprier.com\/wordpress\/wp-json\/wp\/v2\/types\/page"}],"author":[{"embeddable":true,"href":"http:\/\/enviedeprier.com\/wordpress\/wp-json\/wp\/v2\/users\/1"}],"replies":[{"embeddable":true,"href":"http:\/\/enviedeprier.com\/wordpress\/wp-json\/wp\/v2\/comments?post=76"}],"version-history":[{"count":2,"href":"http:\/\/enviedeprier.com\/wordpress\/wp-json\/wp\/v2\/pages\/76\/revisions"}],"predecessor-version":[{"id":78,"href":"http:\/\/enviedeprier.com\/wordpress\/wp-json\/wp\/v2\/pages\/76\/revisions\/78"}],"up":[{"embeddable":true,"href":"http:\/\/enviedeprier.com\/wordpress\/wp-json\/wp\/v2\/pages\/59"}],"wp:attachment":[{"href":"http:\/\/enviedeprier.com\/wordpress\/wp-json\/wp\/v2\/media?parent=76"}],"curies":[{"name":"wp","href":"https:\/\/api.w.org\/{rel}","templated":true}]}}