{"id":79,"date":"2015-08-27T21:14:53","date_gmt":"2015-08-27T20:14:53","guid":{"rendered":"http:\/\/enviedeprier.com\/wordpress\/?page_id=79"},"modified":"2015-10-11T16:39:49","modified_gmt":"2015-10-11T15:39:49","slug":"comment-prier-pour-une-region-de-france","status":"publish","type":"page","link":"http:\/\/enviedeprier.com\/wordpress\/fr\/cultiver-ma-vie-de-priere\/comment-prier-pour-une-region-de-france\/","title":{"rendered":"Comment prier pour une r\u00e9gion de France ?"},"content":{"rendered":"<p>Gordon Margery<\/p>\n<h3>Exemple\u00a0: comment prier pour la Bretagne<\/h3>\n<p>M\u00eame si cela fait deux ans et plus que j\u2019ai quitt\u00e9 la Bretagne pour m\u2019installer avec une partie de ma famille en r\u00e9gion parisienne, je n\u2019ai pas seulement laiss\u00e9 un fils \u00e0 Rennes. J\u2019ai laiss\u00e9 mon c\u0153ur quelque part entre Vitr\u00e9 et Brest. Je m\u2019enflamme quand on me parle de la Bretagne et je continue \u00e0 prier pour elle. J\u2019aimerais que vous puissiez en faire autant.<\/p>\n<p>La g\u00e9ographie de la Bretagne se pr\u00eate \u00e0 une sorte de Tro Breizh* de la pri\u00e8re. Vous commencez \u00e0 Vitr\u00e9 ou Foug\u00e8res, vous priez pour Rennes, puis pour St Malo et St Lunaire. Descendez la Rance jusqu\u2019\u00e0 Dinan, puis priez pour Lamballe, St Brieuc, Paimpol, Guingamp, Lannion, Morlaix, Brest. Puis cap au sud\u00a0: Quimper, Douarnenez, Concarneau, Lorient, Auray, Vannes. Respectons l\u2019histoire, poussons jusqu\u2019\u00e0 St Nazaire et Nantes. Et au passage pensons aux villes o\u00f9 le t\u00e9moignage \u00e9vang\u00e9lique est faible ou inexistant\u00a0: Hennebont, Quimperl\u00e9, Redon. Pensons aussi au centre de la Bretagne o\u00f9 les touristes passent moins souvent\u00a0: Loud\u00e9ac, Pontivy, Carhaix. Chacun fera le p\u00e9riple \u00e0 sa mani\u00e8re, en pensant aux \u00e9glises qu\u2019il conna\u00eet. Chaque \u00e9tape sera l\u2019occasion de penser \u00e0 des chr\u00e9tiens rencontr\u00e9s, \u00e0 des victoires remport\u00e9es, \u00e0 des souffrances endur\u00e9es.<\/p>\n<p>Nous pouvons remercier Dieu du nombre d\u2019\u00e9glises implant\u00e9es ces derni\u00e8res ann\u00e9es, de la fid\u00e9lit\u00e9 de serviteurs de Dieu remarquables, du t\u00e9moignage fort des chr\u00e9tiens bretons.<\/p>\n<p>La liste des nouvelles \u00e9glises est impressionnante, la plupart de celles que j\u2019ai connues ont moins de trente cinq ans. Certaines de ces \u00e9glises sont dynamiques, grandissent encore.<\/p>\n<p>D\u2019autres se maintiennent au prix de grands efforts. Dans beaucoup de villes moyennes, la situation d\u00e9mographique et \u00e9conomique est difficile, et les jeunes s\u2019en vont pour les \u00e9tudes ou le travail. Ici, un pasteur us\u00e9 voudrait bien changer d\u2019air, mais la rel\u00e8ve ne vient pas. L\u00e0, l\u2019\u00e9glise doit se refaire une sant\u00e9 apr\u00e8s des d\u00e9parts douloureux.<\/p>\n<p><em>\u00c9ternel, sauve ton peuple et b\u00e9nis ton h\u00e9ritage\u00a0! Pourquoi les nations diraient-elles\u00a0: O\u00f9 est leur Dieu\u00a0?<\/em><\/p>\n<p>Il faut prier pour les \u00e9glises existantes\u00a0: leur sant\u00e9, leur croissance, la qualit\u00e9 de leurs responsables, la transmission de la foi \u00e0 leurs enfants, leur fid\u00e9lit\u00e9 \u00e0 la parole de Dieu, leur vision missionnaire.<\/p>\n<p>Il faut prier pour les dizaines de milliers d\u2019\u00e9tudiants, surtout \u00e0 Rennes, \u00e0 Brest et \u00e0 Nantes. Le GBU et Agap\u00e9 \u0153uvrent pour qu\u2019ils entendent l\u2019\u00e9vangile \u00e0 un moment de leur vie o\u00f9 ils sont plus ouverts \u00e0 la d\u00e9couverte, au changement, \u00e0 l\u2019engagement.<\/p>\n<p>Il faut prier pour l\u2019implantation d\u2019\u00e9glises nouvelles, non par la division et l\u2019affaiblissement de ce qui existe, mais par un travail missionnaire nouveau. Il y a encore des villes de 5000 et 10\u00a0000 habitants sans \u00e9glise \u00e9vang\u00e9lique. Dans les grandes villes il y a des quartiers plus peupl\u00e9s encore qui attendent de voir dans les faits \u00e0 quoi ressemble une \u00e9glise \u00e9vang\u00e9lique. Dans les campagnes, les T\u00e9moins de J\u00e9hovah passent, mais qui d\u2019autre\u00a0?<\/p>\n<p>Il faut prier pour une nouvelle g\u00e9n\u00e9ration de pasteurs et d\u2019\u00e9vang\u00e9listes bretons.<\/p>\n<p>Il faut prier pour les milliers de Bretons qui aujourd\u2019hui d\u00e9sertent l\u2019\u00e9glise de leurs anc\u00eatres sans trouver ailleurs la r\u00e9ponse \u00e0 leur besoin de Dieu.<\/p>\n<p>Et apr\u00e8s avoir pri\u00e9, il faut lire l\u2019histoire spirituelle de la Bretagne dans Protestants et Bretons, de Jean-Yves Carluer, \u00e9d. La Cause. Nous sommes entour\u00e9s d\u2019une grande nu\u00e9e de t\u00e9moins, et Dieu n\u2019est pas injuste pour oublier leur travail et l\u2019amour qu\u2019ils ont montr\u00e9 pour son Nom.<\/p>\n<p>* Tro Breizh\u00a0: p\u00e8lerinage traditionnel dans les sept anciennes \u00e9v\u00each\u00e9s bretonnes\u00a0: Dol-de-Bretagne, St Malo, St Brieuc, Tr\u00e9guier, St\u00a0Pol de L\u00e9on, Quimper, Vannes.<\/p>\n","protected":false},"excerpt":{"rendered":"<p>Gordon Margery Exemple\u00a0: comment prier pour la Bretagne M\u00eame si cela fait deux ans et plus que j\u2019ai quitt\u00e9 la Bretagne pour m\u2019installer avec une partie de ma famille en &#8230; <a title=\"Comment prier pour une r\u00e9gion de France ?\" class=\"read-more\" href=\"http:\/\/enviedeprier.com\/wordpress\/fr\/cultiver-ma-vie-de-priere\/comment-prier-pour-une-region-de-france\/\" aria-label=\"En savoir plus sur Comment prier pour une r\u00e9gion de France ?\">Lire la suite<\/a><\/p>\n","protected":false},"author":1,"featured_media":0,"parent":59,"menu_order":3,"comment_status":"closed","ping_status":"closed","template":"","meta":{"_exactmetrics_skip_tracking":false,"_exactmetrics_sitenote_active":false,"_exactmetrics_sitenote_note":"","_exactmetrics_sitenote_category":0,"generate_page_header":"","footnotes":""},"class_list":["post-79","page","type-page","status-publish"],"_links":{"self":[{"href":"http:\/\/enviedeprier.com\/wordpress\/wp-json\/wp\/v2\/pages\/79","targetHints":{"allow":["GET"]}}],"collection":[{"href":"http:\/\/enviedeprier.com\/wordpress\/wp-json\/wp\/v2\/pages"}],"about":[{"href":"http:\/\/enviedeprier.com\/wordpress\/wp-json\/wp\/v2\/types\/page"}],"author":[{"embeddable":true,"href":"http:\/\/enviedeprier.com\/wordpress\/wp-json\/wp\/v2\/users\/1"}],"replies":[{"embeddable":true,"href":"http:\/\/enviedeprier.com\/wordpress\/wp-json\/wp\/v2\/comments?post=79"}],"version-history":[{"count":1,"href":"http:\/\/enviedeprier.com\/wordpress\/wp-json\/wp\/v2\/pages\/79\/revisions"}],"predecessor-version":[{"id":80,"href":"http:\/\/enviedeprier.com\/wordpress\/wp-json\/wp\/v2\/pages\/79\/revisions\/80"}],"up":[{"embeddable":true,"href":"http:\/\/enviedeprier.com\/wordpress\/wp-json\/wp\/v2\/pages\/59"}],"wp:attachment":[{"href":"http:\/\/enviedeprier.com\/wordpress\/wp-json\/wp\/v2\/media?parent=79"}],"curies":[{"name":"wp","href":"https:\/\/api.w.org\/{rel}","templated":true}]}}