{"id":133,"date":"2015-08-27T22:53:52","date_gmt":"2015-08-27T21:53:52","guid":{"rendered":"http:\/\/enviedeprier.com\/wordpress\/?page_id=133"},"modified":"2017-03-11T10:24:05","modified_gmt":"2017-03-11T09:24:05","slug":"organiser","status":"publish","type":"page","link":"https:\/\/enviedeprier.com\/wordpress\/fr\/seminaires\/organiser\/","title":{"rendered":"Organiser un s\u00e9minaire"},"content":{"rendered":"<h2 title=\"Petits conseils pour pr\u00e9parer un s\u00e9minaire\">Quelques points \u00e0 penser pour pr\u00e9parer un s\u00e9minaire<\/h2>\n<h3>1. Une bonne pr\u00e9paration \u00e0 tous les niveaux est indispensable.<\/h3>\n<p>Lors d\u2019une rencontre sp\u00e9ciale\u00a0: Yan Newberry aime rencontrer les responsables et si possible les chr\u00e9tiens quelques mois avant le s\u00e9minaire pour prier avec eux, montrer le mat\u00e9riel et si n\u00e9cessaire motiver les futurs participants. Les gens aiment entendre et voir l\u2019orateur du s\u00e9minaire avant de s\u2019engager pour le s\u00e9minaire.<\/p>\n<h3>2. Contact avec les \u00e9glises.<\/h3>\n<p>Prenez contact avec les \u00e9glises de votre ville ou de votre r\u00e9gion avec lesquelles vous avez l\u2019habitude de travailler. Informez et invitez les responsables \u00e0 la rencontre de pr\u00e9paration.<br \/>\nCela leur donnera une id\u00e9e pr\u00e9cise du s\u00e9rieux et de l\u2019utilit\u00e9 d\u2019un s\u00e9minaire sur la pri\u00e8re.<\/p>\n<h3>3. Dossier de pr\u00e9paration personnelle pour chaque participant.<\/h3>\n<p>Avant le s\u00e9minaire, Yan va donner aux responsables un travail personnel qui sera \u00e0 photocopier et \u00e0 distribuer aux participants quelques semaines avant le s\u00e9minaire.<br \/>\nImportant\u00a0: \u00c0 la fin du s\u00e9minaire, les originaux doivent \u00eatre retourn\u00e9s \u00e0 Yan. Ce dossier de pr\u00e9paration pour les participants est \u00e0 compl\u00e9ter avant le s\u00e9minaire.<\/p>\n<h3>4. Syst\u00e8me d\u2019inscription<\/h3>\n<p>Il est conseill\u00e9 de mettre sur pied un syst\u00e8me d\u2019inscription. Cela nous aide \u00e0 pr\u00e9voir et pr\u00e9parer convenablement le s\u00e9minaire\u00a0: nombre de places, repas, manuels, horaires, etc.<\/p>\n<h3>5. Un manuel par participant<\/h3>\n<p>Chaque participant re\u00e7oit un manuel. Commander \u00e0 Yan le nombre exact de manuels d\u00e9sir\u00e9s, au moins une semaine avant le s\u00e9minaire.<\/p>\n<h3>6. Les horaires et dur\u00e9e du s\u00e9minaire.<\/h3>\n<p>Le s\u00e9minaire dure 6 heures pour Yan Newberry. Cela comprend\u00a0: l\u2019enseignement biblique, le chant, la pri\u00e8re, les groupes de discussion, un temps de questions. Aux organisateurs de fixer les horaires qui conviendront le mieux pour les participants.<\/p>\n<h3>7. Les questions financi\u00e8res.<\/h3>\n<p>Les organisateurs sont encourag\u00e9s \u00e0 couvrir tous les frais du s\u00e9minaire, plus si possible, une participation pour contribuer aux charges de Yan Newberry.<\/p>\n<h3>8. Publicit\u00e9<\/h3>\n<p>Rien de bien ne se fait et rien ne se fait bien sans une bonne et s\u00e9rieuse pr\u00e9paration. Vrai\u00a0? Il est important que le s\u00e9minaire soit pr\u00e9par\u00e9 avec soin dans la pri\u00e8re et sur le plan pratique. Informez suffisamment en avance les participants concernant les dates, le lieu, les horaires, etc. par des annonces, affiches, feuilles d\u2019inscription. Voir mod\u00e8les et maquettes des s\u00e9minaires faits ailleurs et vous en inspirer pour votre propre maquette.<\/p>\n<p>Envoyer \u00e0 Yan Newberry un exemplaire de votre maquette d\u00e8s qu\u2019elle est disponible avec les horaires.<\/p>\n<h3>9. Communication<\/h3>\n<p>Il est important de communiquer soit par t\u00e9l\u00e9phone, soit par courriel avec Yan bien avant le s\u00e9minaire. Si vous avez une question quelconque, n\u2019h\u00e9sitez pas \u00e0 le contacter\u00a0!<\/p>\n<p>\u00c0 bient\u00f4t d\u2019avoir de vos nouvelles\u00a0!<\/p>\n<h2>Comment pr\u00e9parer un s\u00e9minaire sur la pri\u00e8re<\/h2>\n<ul>\n<li><a href=\"http:\/\/enviedeprier.com\/wordpress\/wp-content\/uploads\/2015\/08\/Quelques_points_pour_-preparer_le_seminaire.pdf\" target=\"_blank\">Petits conseils<\/a><\/li>\n<li><a href=\"http:\/\/enviedeprier.com\/wordpress\/wp-content\/uploads\/2015\/09\/Presentation_Ranimer_la_flamme_de_la_priere.pptx\" target=\"_blank\">Pr\u00e9sentation des s\u00e9minaires sous forme diaporama \u00e0 pr\u00e9senter \u00e0 l\u2019\u00c9glise quelques semaines avant le s\u00e9minaire pour motiver chacun \u00e0 y assister<\/a><\/li>\n<li>Il serait bien de faire une pr\u00e9dication sur la pri\u00e8re le dimanche qui pr\u00e9c\u00e8de le s\u00e9minaire<\/li>\n<li><a href=\"http:\/\/enviedeprier.com\/wordpress\/wp-content\/uploads\/2015\/08\/Feuille-informations-\u00e0-renvoyer-\u00e0-Yan-Newberry.pdf\" target=\"_blank\">Feuille d\u2019information \u00e0 retourner \u00e0 Yan Newberry<\/a><\/li>\n<li><a href=\"http:\/\/enviedeprier.com\/wordpress\/wp-content\/uploads\/2015\/08\/Frais-du-s\u00e9minaire.pdf\" target=\"_blank\">Frais du s\u00e9minaire<\/a><\/li>\n<\/ul>\n<p><a href=\"http:\/\/enviedeprier.com\/wordpress\/wp-content\/uploads\/2015\/08\/seminaire00.zip\" target=\"_blank\">T\u00e9l\u00e9charger l&rsquo;ensemble des documents<\/a><\/p>\n<h3>S\u00e9minaire 1 &#8211; Un retour \u00e0 l&rsquo;essentiel : Dieu<\/h3>\n<ul>\n<li><a href=\"http:\/\/enviedeprier.com\/wordpress\/wp-content\/uploads\/2015\/08\/LETTRE-PREPARATION-SEMINAIRE-1.pdf\" target=\"_blank\">Lettre d&rsquo;encouragement + travail de pr\u00e9paration pour les participants<\/a><\/li>\n<li><a href=\"http:\/\/enviedeprier.com\/wordpress\/wp-content\/uploads\/2015\/08\/Flyer-\u00e0-adapter-s\u00e9minaire-1.docx\" target=\"_blank\">Flyer \u00e0 adapter<\/a><\/li>\n<li><a href=\"http:\/\/enviedeprier.com\/wordpress\/wp-content\/uploads\/2015\/08\/Feuille-inscription-s\u00e9minaire-1.pdf\" target=\"_blank\">Feuille d&rsquo;inscription<\/a><\/li>\n<\/ul>\n<p><a href=\"http:\/\/enviedeprier.com\/wordpress\/wp-content\/uploads\/2015\/09\/seminaire01.zip\" target=\"_blank\">T\u00e9l\u00e9charger l&rsquo;ensemble des documents<\/a><\/p>\n<h3>S\u00e9minaire 2 &#8211; Au c\u0153ur de la pri\u00e8re<\/h3>\n<ul>\n<li><a href=\"http:\/\/enviedeprier.com\/wordpress\/wp-content\/uploads\/2015\/08\/LETTRE-PREPARATION-SEMINAIRE-2.pdf\" target=\"_blank\">Lettre d&rsquo;encouragement + travail de pr\u00e9paration pour les participants<\/a><\/li>\n<li><a href=\"http:\/\/enviedeprier.com\/wordpress\/wp-content\/uploads\/2015\/08\/Flyer-\u00e0-adapter-s\u00e9minaire-2.docx\" target=\"_blank\">Flyer \u00e0 adapter<\/a><\/li>\n<li><a href=\"http:\/\/enviedeprier.com\/wordpress\/wp-content\/uploads\/2015\/08\/Feuille-inscription-s\u00e9minaire-2.pdf\" target=\"_blank\">Feuille d&rsquo;inscription<\/a><\/li>\n<\/ul>\n<p><a href=\"http:\/\/enviedeprier.com\/wordpress\/wp-content\/uploads\/2015\/09\/seminaire02.zip\" target=\"_blank\">T\u00e9l\u00e9charger l&rsquo;ensemble des documents<\/a><\/p>\n<h3>S\u00e9minaire 3 &#8211; Disponible devant Dieu<\/h3>\n<ul>\n<li><a href=\"http:\/\/enviedeprier.com\/wordpress\/wp-content\/uploads\/2017\/03\/LETTRE-PREPARATION-SEMINAIRE-3.pdf\">Lettre d&rsquo;encouragement + travail de pr\u00e9paration pour les participants<\/a><\/li>\n<li><a href=\"http:\/\/enviedeprier.com\/wordpress\/wp-content\/uploads\/2017\/03\/Flyer-pr\u00e9sentation-s\u00e9minaire-3.pdf\">Flyer de pr\u00e9sentation<\/a><\/li>\n<li><a href=\"http:\/\/enviedeprier.com\/wordpress\/wp-content\/uploads\/2017\/03\/Feuille-inscription_s\u00e9minaire-3.docx\">Feuille d&rsquo;inscription<\/a><\/li>\n<\/ul>\n","protected":false},"excerpt":{"rendered":"<p>Quelques points \u00e0 penser pour pr\u00e9parer un s\u00e9minaire 1. Une bonne pr\u00e9paration \u00e0 tous les niveaux est indispensable. Lors d\u2019une rencontre sp\u00e9ciale\u00a0: Yan Newberry aime rencontrer les responsables et si &#8230; <a title=\"Organiser un s\u00e9minaire\" class=\"read-more\" href=\"https:\/\/enviedeprier.com\/wordpress\/fr\/seminaires\/organiser\/\" aria-label=\"En savoir plus sur Organiser un s\u00e9minaire\">Lire la suite<\/a><\/p>\n","protected":false},"author":1,"featured_media":0,"parent":18,"menu_order":3,"comment_status":"closed","ping_status":"closed","template":"","meta":{"_exactmetrics_skip_tracking":false,"_exactmetrics_sitenote_active":false,"_exactmetrics_sitenote_note":"","_exactmetrics_sitenote_category":0,"generate_page_header":"","footnotes":""},"class_list":["post-133","page","type-page","status-publish"],"_links":{"self":[{"href":"https:\/\/enviedeprier.com\/wordpress\/wp-json\/wp\/v2\/pages\/133","targetHints":{"allow":["GET"]}}],"collection":[{"href":"https:\/\/enviedeprier.com\/wordpress\/wp-json\/wp\/v2\/pages"}],"about":[{"href":"https:\/\/enviedeprier.com\/wordpress\/wp-json\/wp\/v2\/types\/page"}],"author":[{"embeddable":true,"href":"https:\/\/enviedeprier.com\/wordpress\/wp-json\/wp\/v2\/users\/1"}],"replies":[{"embeddable":true,"href":"https:\/\/enviedeprier.com\/wordpress\/wp-json\/wp\/v2\/comments?post=133"}],"version-history":[{"count":12,"href":"https:\/\/enviedeprier.com\/wordpress\/wp-json\/wp\/v2\/pages\/133\/revisions"}],"predecessor-version":[{"id":573,"href":"https:\/\/enviedeprier.com\/wordpress\/wp-json\/wp\/v2\/pages\/133\/revisions\/573"}],"up":[{"embeddable":true,"href":"https:\/\/enviedeprier.com\/wordpress\/wp-json\/wp\/v2\/pages\/18"}],"wp:attachment":[{"href":"https:\/\/enviedeprier.com\/wordpress\/wp-json\/wp\/v2\/media?parent=133"}],"curies":[{"name":"wp","href":"https:\/\/api.w.org\/{rel}","templated":true}]}}